{"id":2591,"date":"2025-05-07T06:04:12","date_gmt":"2025-05-07T04:04:12","guid":{"rendered":"https:\/\/byjanapaulin.de\/?page_id=2591"},"modified":"2025-06-26T17:15:03","modified_gmt":"2025-06-26T15:15:03","slug":"preise","status":"publish","type":"page","link":"https:\/\/janapaulin.de\/de_de\/preise\/","title":{"rendered":"Preise"},"content":{"rendered":"","protected":false},"excerpt":{"rendered":"","protected":false},"author":1,"featured_media":0,"parent":0,"menu_order":0,"comment_status":"closed","ping_status":"closed","template":"","meta":{"footnotes":""},"class_list":["post-2591","page","type-page","status-publish","hentry"],"blocksy_meta":[],"yoast_head":"<!-- This site is optimized with the Yoast SEO plugin v26.9 - https:\/\/yoast.com\/product\/yoast-seo-wordpress\/ -->\n<title>Preise - Atelier Jana Paulin<\/title>\n<meta name=\"description\" content=\"Erhalte einen transparenten \u00dcberblick \u00fcber die Preise f\u00fcr unsere ma\u00dfgeschneiderten Brautkleider. Im Atelier in Berlin fertigt unser Team exklusive Unikate mit Liebe zum Detail \u2013 abgestimmt auf dein Budget und deine W\u00fcnsche.\" \/>\n<meta name=\"robots\" content=\"index, follow, max-snippet:-1, max-image-preview:large, max-video-preview:-1\" \/>\n<link rel=\"canonical\" href=\"https:\/\/janapaulin.de\/de_de\/preise\/\" \/>\n<meta property=\"og:locale\" content=\"de_DE\" \/>\n<meta property=\"og:type\" content=\"article\" \/>\n<meta property=\"og:title\" content=\"Preise - Atelier Jana Paulin\" \/>\n<meta property=\"og:description\" content=\"Erhalte einen transparenten \u00dcberblick \u00fcber die Preise f\u00fcr unsere ma\u00dfgeschneiderten Brautkleider. Im Atelier in Berlin fertigt unser Team exklusive Unikate mit Liebe zum Detail \u2013 abgestimmt auf dein Budget und deine W\u00fcnsche.\" \/>\n<meta property=\"og:url\" content=\"https:\/\/janapaulin.de\/de_de\/preise\/\" \/>\n<meta property=\"og:site_name\" content=\"Atelier Jana Paulin\" \/>\n<meta property=\"article:publisher\" content=\"https:\/\/www.facebook.com\/atelierjanapaulin\" \/>\n<meta property=\"article:modified_time\" content=\"2025-06-26T15:15:03+00:00\" \/>\n<meta name=\"twitter:card\" content=\"summary_large_image\" \/>\n<script type=\"application\/ld+json\" class=\"yoast-schema-graph\">{\"@context\":\"https:\/\/schema.org\",\"@graph\":[{\"@type\":\"WebPage\",\"@id\":\"https:\/\/janapaulin.de\/preise\/\",\"url\":\"https:\/\/janapaulin.de\/preise\/\",\"name\":\"Preise - Atelier Jana Paulin\",\"isPartOf\":{\"@id\":\"https:\/\/janapaulin.de\/#website\"},\"datePublished\":\"2025-05-07T04:04:12+00:00\",\"dateModified\":\"2025-06-26T15:15:03+00:00\",\"description\":\"Erhalte einen transparenten \u00dcberblick \u00fcber die Preise f\u00fcr unsere ma\u00dfgeschneiderten Brautkleider. Im Atelier in Berlin fertigt unser Team exklusive Unikate mit Liebe zum Detail \u2013 abgestimmt auf dein Budget und deine W\u00fcnsche.\",\"breadcrumb\":{\"@id\":\"https:\/\/janapaulin.de\/preise\/#breadcrumb\"},\"inLanguage\":\"de\",\"potentialAction\":[{\"@type\":\"ReadAction\",\"target\":[\"https:\/\/janapaulin.de\/preise\/\"]}]},{\"@type\":\"BreadcrumbList\",\"@id\":\"https:\/\/janapaulin.de\/preise\/#breadcrumb\",\"itemListElement\":[{\"@type\":\"ListItem\",\"position\":1,\"name\":\"Startseite\",\"item\":\"https:\/\/janapaulin.de\/\"},{\"@type\":\"ListItem\",\"position\":2,\"name\":\"Preise\"}]},{\"@type\":\"WebSite\",\"@id\":\"https:\/\/janapaulin.de\/#website\",\"url\":\"https:\/\/janapaulin.de\/\",\"name\":\"Atelier Jana Paulin\",\"description\":\"Ma\u00dfgeschneiderte Brautmode in Berlin\",\"publisher\":{\"@id\":\"https:\/\/janapaulin.de\/#organization\"},\"potentialAction\":[{\"@type\":\"SearchAction\",\"target\":{\"@type\":\"EntryPoint\",\"urlTemplate\":\"https:\/\/janapaulin.de\/?s={search_term_string}\"},\"query-input\":{\"@type\":\"PropertyValueSpecification\",\"valueRequired\":true,\"valueName\":\"search_term_string\"}}],\"inLanguage\":\"de\"},{\"@type\":\"Organization\",\"@id\":\"https:\/\/janapaulin.de\/#organization\",\"name\":\"Atelier Jana Paulin\",\"url\":\"https:\/\/janapaulin.de\/\",\"logo\":{\"@type\":\"ImageObject\",\"inLanguage\":\"de\",\"@id\":\"https:\/\/janapaulin.de\/#\/schema\/logo\/image\/\",\"url\":\"https:\/\/janapaulin.de\/wp-content\/uploads\/2025\/02\/1Logo-transparent-scaled.png\",\"contentUrl\":\"https:\/\/janapaulin.de\/wp-content\/uploads\/2025\/02\/1Logo-transparent-scaled.png\",\"width\":2560,\"height\":637,\"caption\":\"Atelier Jana Paulin\"},\"image\":{\"@id\":\"https:\/\/janapaulin.de\/#\/schema\/logo\/image\/\"},\"sameAs\":[\"https:\/\/www.facebook.com\/atelierjanapaulin\",\"https:\/\/www.instagram.com\/jana.paulin\/\",\"https:\/\/de.pinterest.com\/atelierjanapaulin\/\"]}]}<\/script>\n<!-- \/ Yoast SEO plugin. -->","yoast_head_json":{"title":"Preise - Atelier Jana Paulin","description":"Erhalte einen transparenten \u00dcberblick \u00fcber die Preise f\u00fcr unsere ma\u00dfgeschneiderten Brautkleider. Im Atelier in Berlin fertigt unser Team exklusive Unikate mit Liebe zum Detail \u2013 abgestimmt auf dein Budget und deine W\u00fcnsche.","robots":{"index":"index","follow":"follow","max-snippet":"max-snippet:-1","max-image-preview":"max-image-preview:large","max-video-preview":"max-video-preview:-1"},"canonical":"https:\/\/janapaulin.de\/de_de\/preise\/","og_locale":"de_DE","og_type":"article","og_title":"Preise - Atelier Jana Paulin","og_description":"Erhalte einen transparenten \u00dcberblick \u00fcber die Preise f\u00fcr unsere ma\u00dfgeschneiderten Brautkleider. Im Atelier in Berlin fertigt unser Team exklusive Unikate mit Liebe zum Detail \u2013 abgestimmt auf dein Budget und deine W\u00fcnsche.","og_url":"https:\/\/janapaulin.de\/de_de\/preise\/","og_site_name":"Atelier Jana Paulin","article_publisher":"https:\/\/www.facebook.com\/atelierjanapaulin","article_modified_time":"2025-06-26T15:15:03+00:00","twitter_card":"summary_large_image","schema":{"@context":"https:\/\/schema.org","@graph":[{"@type":"WebPage","@id":"https:\/\/janapaulin.de\/preise\/","url":"https:\/\/janapaulin.de\/preise\/","name":"Preise - Atelier Jana Paulin","isPartOf":{"@id":"https:\/\/janapaulin.de\/#website"},"datePublished":"2025-05-07T04:04:12+00:00","dateModified":"2025-06-26T15:15:03+00:00","description":"Erhalte einen transparenten \u00dcberblick \u00fcber die Preise f\u00fcr unsere ma\u00dfgeschneiderten Brautkleider. Im Atelier in Berlin fertigt unser Team exklusive Unikate mit Liebe zum Detail \u2013 abgestimmt auf dein Budget und deine W\u00fcnsche.","breadcrumb":{"@id":"https:\/\/janapaulin.de\/preise\/#breadcrumb"},"inLanguage":"de","potentialAction":[{"@type":"ReadAction","target":["https:\/\/janapaulin.de\/preise\/"]}]},{"@type":"BreadcrumbList","@id":"https:\/\/janapaulin.de\/preise\/#breadcrumb","itemListElement":[{"@type":"ListItem","position":1,"name":"Startseite","item":"https:\/\/janapaulin.de\/"},{"@type":"ListItem","position":2,"name":"Preise"}]},{"@type":"WebSite","@id":"https:\/\/janapaulin.de\/#website","url":"https:\/\/janapaulin.de\/","name":"Atelier Jana Paulin","description":"Ma\u00dfgeschneiderte Brautmode in Berlin","publisher":{"@id":"https:\/\/janapaulin.de\/#organization"},"potentialAction":[{"@type":"SearchAction","target":{"@type":"EntryPoint","urlTemplate":"https:\/\/janapaulin.de\/?s={search_term_string}"},"query-input":{"@type":"PropertyValueSpecification","valueRequired":true,"valueName":"search_term_string"}}],"inLanguage":"de"},{"@type":"Organization","@id":"https:\/\/janapaulin.de\/#organization","name":"Atelier Jana Paulin","url":"https:\/\/janapaulin.de\/","logo":{"@type":"ImageObject","inLanguage":"de","@id":"https:\/\/janapaulin.de\/#\/schema\/logo\/image\/","url":"https:\/\/janapaulin.de\/wp-content\/uploads\/2025\/02\/1Logo-transparent-scaled.png","contentUrl":"https:\/\/janapaulin.de\/wp-content\/uploads\/2025\/02\/1Logo-transparent-scaled.png","width":2560,"height":637,"caption":"Atelier Jana Paulin"},"image":{"@id":"https:\/\/janapaulin.de\/#\/schema\/logo\/image\/"},"sameAs":["https:\/\/www.facebook.com\/atelierjanapaulin","https:\/\/www.instagram.com\/jana.paulin\/","https:\/\/de.pinterest.com\/atelierjanapaulin\/"]}]}},"_links":{"self":[{"href":"https:\/\/janapaulin.de\/de_de\/wp-json\/wp\/v2\/pages\/2591","targetHints":{"allow":["GET"]}}],"collection":[{"href":"https:\/\/janapaulin.de\/de_de\/wp-json\/wp\/v2\/pages"}],"about":[{"href":"https:\/\/janapaulin.de\/de_de\/wp-json\/wp\/v2\/types\/page"}],"author":[{"embeddable":true,"href":"https:\/\/janapaulin.de\/de_de\/wp-json\/wp\/v2\/users\/1"}],"replies":[{"embeddable":true,"href":"https:\/\/janapaulin.de\/de_de\/wp-json\/wp\/v2\/comments?post=2591"}],"version-history":[{"count":0,"href":"https:\/\/janapaulin.de\/de_de\/wp-json\/wp\/v2\/pages\/2591\/revisions"}],"wp:attachment":[{"href":"https:\/\/janapaulin.de\/de_de\/wp-json\/wp\/v2\/media?parent=2591"}],"curies":[{"name":"wp","href":"https:\/\/api.w.org\/{rel}","templated":true}]}}