{"id":2215,"date":"2025-05-05T11:57:24","date_gmt":"2025-05-05T09:57:24","guid":{"rendered":"https:\/\/byjanapaulin.de\/?post_type=product&#038;p=2215"},"modified":"2026-01-20T15:45:00","modified_gmt":"2026-01-20T14:45:00","slug":"schleier-schlicht-ivory-mit-kamm-eine-lage-tuell-hochwertiger-brautschleier","status":"publish","type":"product","link":"https:\/\/janapaulin.de\/de_de\/produkt\/schleier-schlicht-ivory-mit-kamm-eine-lage-tuell-hochwertiger-brautschleier\/","title":{"rendered":"Brautschleier schlicht eine Lage Ivory mit Kamm"},"content":{"rendered":"<p>Entdecken Sie unseren schlichten Ivory Brautschleier mit Metallkamm, der aus hochwertigem T\u00fcll gefertigt ist und besonders stabil ist. Dieser elegante Schleier in einer Lage ist das perfekte Braut-Accessoire, das Ihre Sch\u00f6nheit am gro\u00dfen Tag unterstreicht.<\/p>\n<p>Der schlichte Schleier in Ivory, Off-White oder Elfenbein ist aus hochwertigem T\u00fcll gefertigt, der eine feine und edle Optik verleiht. Diese Farben passen perfekt zu modernen Brautkleidern und unterstreichen deren Eleganz.<\/p>\n<p>Ausgestattet mit einem stabilen Metallkamm, der sicheren Halt bietet und bequem im Haar sitzt.<\/p>\n<p>Eine Lage T\u00fcll sorgt f\u00fcr einen eleganten und schlichten Look, ideal f\u00fcr jede Braut.<\/p>\n<p>Individuelle Anfertigung: Auf Wunsch kann der Schleier in einem bestimmten Ivory-Ton produziert und in einer individuellen L\u00e4nge gefertigt werden. Kontaktieren Sie uns f\u00fcr ma\u00dfgeschneiderte L\u00f6sungen.<\/p>\n<div style=\"width: 1080px;\" class=\"wp-video\"><video class=\"wp-video-shortcode\" id=\"video-2215-1\" width=\"1080\" height=\"1920\" preload=\"metadata\" controls=\"controls\"><source type=\"video\/mp4\" src=\"https:\/\/janapaulin.de\/wp-content\/uploads\/2026\/01\/V030.mp4?_=1\" \/><a href=\"https:\/\/janapaulin.de\/wp-content\/uploads\/2026\/01\/V030.mp4\">https:\/\/janapaulin.de\/wp-content\/uploads\/2026\/01\/V030.mp4<\/a><\/video><\/div>\n<p>&nbsp;<\/p>\n","protected":false},"excerpt":{"rendered":"<p>Eleganter, einlagiger Brautschleier aus edlem Ivory\u2011T\u00fcll, sicher befestigt mit stabilem Metallkamm.\u202fErh\u00e4ltlich in 75\u202f\u2013\u202f500\u202fcm L\u00e4nge, handgefertigt im Atelier Jana\u202fPaulin, f\u00fcr einen zeitlos\u2011schlichten Look, der jedes moderne Brautkleid vollendet.<\/p>\n<p>&nbsp;<\/p>\n","protected":false},"featured_media":4064,"comment_status":"closed","ping_status":"closed","template":"","meta":[],"product_brand":[],"product_cat":[73],"product_tag":[78,79,81,83,77,144,136,127,197,128,139,148,132,145,143,131,198,138,140,129,142,134,133,141,130,135,137],"class_list":{"0":"post-2215","1":"product","2":"type-product","3":"status-publish","4":"has-post-thumbnail","6":"product_cat-brautschleier","7":"product_tag-100cm","8":"product_tag-200cm","9":"product_tag-300cm","10":"product_tag-500cm","11":"product_tag-75cm","12":"product_tag-brautkleid-zubehoer","13":"product_tag-brautschleier-elegant","14":"product_tag-brautschleier-ivory","15":"product_tag-brautschleier-kurz","16":"product_tag-brautschleier-schlicht","17":"product_tag-brautschleier-schlicht-und-elegant","18":"product_tag-bridal-veil-ivory","19":"product_tag-einfacher-brautschleier","20":"product_tag-hochzeit-schleier-ivory","21":"product_tag-hochzeitsaccessoire","22":"product_tag-hochzeitsschleier-ivory","23":"product_tag-hochzeitsschleier-lang","24":"product_tag-ivory-hochzeits-schleier-mit-kamm","25":"product_tag-ivory-schleier-fuer-standesamt-kirche","26":"product_tag-ivory-schleier-hochzeit","27":"product_tag-klassischer-ivory-brautschleier","28":"product_tag-kurzer-brautschleier-schlicht","29":"product_tag-langer-brautschleier-ivory","30":"product_tag-leichter-brautschleier-ivory-fuer-hochzeit","31":"product_tag-schleier-fuer-braut","32":"product_tag-schleier-fuer-standesamt","33":"product_tag-schlichter-brautschleier-ivory-online-kaufen","35":"first","36":"instock","37":"sale","38":"taxable","39":"shipping-taxable","40":"purchasable","41":"product-type-variable","42":"wpzoom-wc-spi-has-enabled"},"yoast_head":"<!-- This site is optimized with the Yoast SEO plugin v26.9 - https:\/\/yoast.com\/product\/yoast-seo-wordpress\/ -->\n<title>Brautschleier schlicht eine Lage Ivory mit Kamm - Atelier Jana Paulin<\/title>\n<meta name=\"description\" content=\"Schlichter Ivory Brautschleier mit stabilem Metallkamm, einlagig, elegant in allen L\u00e4ngen erh\u00e4ltlich. Handgefertigt aus feinem T\u00fcll im Atelier Jana Paulin.\" \/>\n<meta name=\"robots\" content=\"index, follow, max-snippet:-1, max-image-preview:large, max-video-preview:-1\" \/>\n<link rel=\"canonical\" href=\"https:\/\/janapaulin.de\/de_de\/produkt\/schleier-schlicht-ivory-mit-kamm-eine-lage-tuell-hochwertiger-brautschleier\/\" \/>\n<meta property=\"og:locale\" content=\"de_DE\" \/>\n<meta property=\"og:type\" content=\"article\" \/>\n<meta property=\"og:title\" content=\"Brautschleier schlicht eine Lage Ivory mit Kamm - Atelier Jana Paulin\" \/>\n<meta property=\"og:description\" content=\"Schlichter Ivory Brautschleier mit stabilem Metallkamm, einlagig, elegant in allen L\u00e4ngen erh\u00e4ltlich. Handgefertigt aus feinem T\u00fcll im Atelier Jana Paulin.\" \/>\n<meta property=\"og:url\" content=\"https:\/\/janapaulin.de\/de_de\/produkt\/schleier-schlicht-ivory-mit-kamm-eine-lage-tuell-hochwertiger-brautschleier\/\" \/>\n<meta property=\"og:site_name\" content=\"Atelier Jana Paulin\" \/>\n<meta property=\"article:publisher\" content=\"https:\/\/www.facebook.com\/atelierjanapaulin\" \/>\n<meta property=\"article:modified_time\" content=\"2026-01-20T14:45:00+00:00\" \/>\n<meta property=\"og:image\" content=\"https:\/\/janapaulin.de\/wp-content\/uploads\/2025\/05\/DSC_2727_edit-81-3-2-scaled.jpg\" \/>\n\t<meta property=\"og:image:width\" content=\"1707\" \/>\n\t<meta property=\"og:image:height\" content=\"2560\" \/>\n\t<meta property=\"og:image:type\" content=\"image\/jpeg\" \/>\n<meta name=\"twitter:card\" content=\"summary_large_image\" \/>\n<meta name=\"twitter:label1\" content=\"Gesch\u00e4tzte Lesezeit\" \/>\n\t<meta name=\"twitter:data1\" content=\"1\u00a0Minute\" \/>\n<script type=\"application\/ld+json\" class=\"yoast-schema-graph\">{\"@context\":\"https:\/\/schema.org\",\"@graph\":[{\"@type\":\"WebPage\",\"@id\":\"https:\/\/janapaulin.de\/produkt\/schleier-schlicht-ivory-mit-kamm-eine-lage-tuell-hochwertiger-brautschleier\/\",\"url\":\"https:\/\/janapaulin.de\/produkt\/schleier-schlicht-ivory-mit-kamm-eine-lage-tuell-hochwertiger-brautschleier\/\",\"name\":\"Brautschleier schlicht eine Lage Ivory mit Kamm - Atelier Jana Paulin\",\"isPartOf\":{\"@id\":\"https:\/\/janapaulin.de\/#website\"},\"primaryImageOfPage\":{\"@id\":\"https:\/\/janapaulin.de\/produkt\/schleier-schlicht-ivory-mit-kamm-eine-lage-tuell-hochwertiger-brautschleier\/#primaryimage\"},\"image\":{\"@id\":\"https:\/\/janapaulin.de\/produkt\/schleier-schlicht-ivory-mit-kamm-eine-lage-tuell-hochwertiger-brautschleier\/#primaryimage\"},\"thumbnailUrl\":\"https:\/\/janapaulin.de\/wp-content\/uploads\/2025\/05\/DSC_2727_edit-81-3-2-scaled.jpg\",\"datePublished\":\"2025-05-05T09:57:24+00:00\",\"dateModified\":\"2026-01-20T14:45:00+00:00\",\"description\":\"Schlichter Ivory Brautschleier mit stabilem Metallkamm, einlagig, elegant in allen L\u00e4ngen erh\u00e4ltlich. Handgefertigt aus feinem T\u00fcll im Atelier Jana Paulin.\",\"breadcrumb\":{\"@id\":\"https:\/\/janapaulin.de\/produkt\/schleier-schlicht-ivory-mit-kamm-eine-lage-tuell-hochwertiger-brautschleier\/#breadcrumb\"},\"inLanguage\":\"de\",\"potentialAction\":[{\"@type\":\"ReadAction\",\"target\":[\"https:\/\/janapaulin.de\/produkt\/schleier-schlicht-ivory-mit-kamm-eine-lage-tuell-hochwertiger-brautschleier\/\"]}]},{\"@type\":\"ImageObject\",\"inLanguage\":\"de\",\"@id\":\"https:\/\/janapaulin.de\/produkt\/schleier-schlicht-ivory-mit-kamm-eine-lage-tuell-hochwertiger-brautschleier\/#primaryimage\",\"url\":\"https:\/\/janapaulin.de\/wp-content\/uploads\/2025\/05\/DSC_2727_edit-81-3-2-scaled.jpg\",\"contentUrl\":\"https:\/\/janapaulin.de\/wp-content\/uploads\/2025\/05\/DSC_2727_edit-81-3-2-scaled.jpg\",\"width\":1707,\"height\":2560,\"caption\":\"Schlichter Brautschleier aus feinem T\u00fcll in Ivory mit Kamm, einlagiger Hochzeitsschleier\"},{\"@type\":\"BreadcrumbList\",\"@id\":\"https:\/\/janapaulin.de\/produkt\/schleier-schlicht-ivory-mit-kamm-eine-lage-tuell-hochwertiger-brautschleier\/#breadcrumb\",\"itemListElement\":[{\"@type\":\"ListItem\",\"position\":1,\"name\":\"Startseite\",\"item\":\"https:\/\/janapaulin.de\/\"},{\"@type\":\"ListItem\",\"position\":2,\"name\":\"Online Shop\",\"item\":\"https:\/\/janapaulin.de\/online-shop\/\"},{\"@type\":\"ListItem\",\"position\":3,\"name\":\"Brautschleier schlicht eine Lage Ivory mit Kamm\"}]},{\"@type\":\"WebSite\",\"@id\":\"https:\/\/janapaulin.de\/#website\",\"url\":\"https:\/\/janapaulin.de\/\",\"name\":\"Atelier Jana Paulin\",\"description\":\"Ma\u00dfgeschneiderte Brautmode in Berlin\",\"publisher\":{\"@id\":\"https:\/\/janapaulin.de\/#organization\"},\"potentialAction\":[{\"@type\":\"SearchAction\",\"target\":{\"@type\":\"EntryPoint\",\"urlTemplate\":\"https:\/\/janapaulin.de\/?s={search_term_string}\"},\"query-input\":{\"@type\":\"PropertyValueSpecification\",\"valueRequired\":true,\"valueName\":\"search_term_string\"}}],\"inLanguage\":\"de\"},{\"@type\":\"Organization\",\"@id\":\"https:\/\/janapaulin.de\/#organization\",\"name\":\"Atelier Jana Paulin\",\"url\":\"https:\/\/janapaulin.de\/\",\"logo\":{\"@type\":\"ImageObject\",\"inLanguage\":\"de\",\"@id\":\"https:\/\/janapaulin.de\/#\/schema\/logo\/image\/\",\"url\":\"https:\/\/janapaulin.de\/wp-content\/uploads\/2025\/02\/1Logo-transparent-scaled.png\",\"contentUrl\":\"https:\/\/janapaulin.de\/wp-content\/uploads\/2025\/02\/1Logo-transparent-scaled.png\",\"width\":2560,\"height\":637,\"caption\":\"Atelier Jana Paulin\"},\"image\":{\"@id\":\"https:\/\/janapaulin.de\/#\/schema\/logo\/image\/\"},\"sameAs\":[\"https:\/\/www.facebook.com\/atelierjanapaulin\",\"https:\/\/www.instagram.com\/jana.paulin\/\",\"https:\/\/de.pinterest.com\/atelierjanapaulin\/\"]}]}<\/script>\n<!-- \/ Yoast SEO plugin. -->","yoast_head_json":{"title":"Brautschleier schlicht eine Lage Ivory mit Kamm - Atelier Jana Paulin","description":"Schlichter Ivory Brautschleier mit stabilem Metallkamm, einlagig, elegant in allen L\u00e4ngen erh\u00e4ltlich. Handgefertigt aus feinem T\u00fcll im Atelier Jana Paulin.","robots":{"index":"index","follow":"follow","max-snippet":"max-snippet:-1","max-image-preview":"max-image-preview:large","max-video-preview":"max-video-preview:-1"},"canonical":"https:\/\/janapaulin.de\/de_de\/produkt\/schleier-schlicht-ivory-mit-kamm-eine-lage-tuell-hochwertiger-brautschleier\/","og_locale":"de_DE","og_type":"article","og_title":"Brautschleier schlicht eine Lage Ivory mit Kamm - Atelier Jana Paulin","og_description":"Schlichter Ivory Brautschleier mit stabilem Metallkamm, einlagig, elegant in allen L\u00e4ngen erh\u00e4ltlich. Handgefertigt aus feinem T\u00fcll im Atelier Jana Paulin.","og_url":"https:\/\/janapaulin.de\/de_de\/produkt\/schleier-schlicht-ivory-mit-kamm-eine-lage-tuell-hochwertiger-brautschleier\/","og_site_name":"Atelier Jana Paulin","article_publisher":"https:\/\/www.facebook.com\/atelierjanapaulin","article_modified_time":"2026-01-20T14:45:00+00:00","og_image":[{"width":1707,"height":2560,"url":"https:\/\/janapaulin.de\/wp-content\/uploads\/2025\/05\/DSC_2727_edit-81-3-2-scaled.jpg","type":"image\/jpeg"}],"twitter_card":"summary_large_image","twitter_misc":{"Gesch\u00e4tzte Lesezeit":"1\u00a0Minute"},"schema":{"@context":"https:\/\/schema.org","@graph":[{"@type":"WebPage","@id":"https:\/\/janapaulin.de\/produkt\/schleier-schlicht-ivory-mit-kamm-eine-lage-tuell-hochwertiger-brautschleier\/","url":"https:\/\/janapaulin.de\/produkt\/schleier-schlicht-ivory-mit-kamm-eine-lage-tuell-hochwertiger-brautschleier\/","name":"Brautschleier schlicht eine Lage Ivory mit Kamm - Atelier Jana Paulin","isPartOf":{"@id":"https:\/\/janapaulin.de\/#website"},"primaryImageOfPage":{"@id":"https:\/\/janapaulin.de\/produkt\/schleier-schlicht-ivory-mit-kamm-eine-lage-tuell-hochwertiger-brautschleier\/#primaryimage"},"image":{"@id":"https:\/\/janapaulin.de\/produkt\/schleier-schlicht-ivory-mit-kamm-eine-lage-tuell-hochwertiger-brautschleier\/#primaryimage"},"thumbnailUrl":"https:\/\/janapaulin.de\/wp-content\/uploads\/2025\/05\/DSC_2727_edit-81-3-2-scaled.jpg","datePublished":"2025-05-05T09:57:24+00:00","dateModified":"2026-01-20T14:45:00+00:00","description":"Schlichter Ivory Brautschleier mit stabilem Metallkamm, einlagig, elegant in allen L\u00e4ngen erh\u00e4ltlich. Handgefertigt aus feinem T\u00fcll im Atelier Jana Paulin.","breadcrumb":{"@id":"https:\/\/janapaulin.de\/produkt\/schleier-schlicht-ivory-mit-kamm-eine-lage-tuell-hochwertiger-brautschleier\/#breadcrumb"},"inLanguage":"de","potentialAction":[{"@type":"ReadAction","target":["https:\/\/janapaulin.de\/produkt\/schleier-schlicht-ivory-mit-kamm-eine-lage-tuell-hochwertiger-brautschleier\/"]}]},{"@type":"ImageObject","inLanguage":"de","@id":"https:\/\/janapaulin.de\/produkt\/schleier-schlicht-ivory-mit-kamm-eine-lage-tuell-hochwertiger-brautschleier\/#primaryimage","url":"https:\/\/janapaulin.de\/wp-content\/uploads\/2025\/05\/DSC_2727_edit-81-3-2-scaled.jpg","contentUrl":"https:\/\/janapaulin.de\/wp-content\/uploads\/2025\/05\/DSC_2727_edit-81-3-2-scaled.jpg","width":1707,"height":2560,"caption":"Schlichter Brautschleier aus feinem T\u00fcll in Ivory mit Kamm, einlagiger Hochzeitsschleier"},{"@type":"BreadcrumbList","@id":"https:\/\/janapaulin.de\/produkt\/schleier-schlicht-ivory-mit-kamm-eine-lage-tuell-hochwertiger-brautschleier\/#breadcrumb","itemListElement":[{"@type":"ListItem","position":1,"name":"Startseite","item":"https:\/\/janapaulin.de\/"},{"@type":"ListItem","position":2,"name":"Online Shop","item":"https:\/\/janapaulin.de\/online-shop\/"},{"@type":"ListItem","position":3,"name":"Brautschleier schlicht eine Lage Ivory mit Kamm"}]},{"@type":"WebSite","@id":"https:\/\/janapaulin.de\/#website","url":"https:\/\/janapaulin.de\/","name":"Atelier Jana Paulin","description":"Ma\u00dfgeschneiderte Brautmode in Berlin","publisher":{"@id":"https:\/\/janapaulin.de\/#organization"},"potentialAction":[{"@type":"SearchAction","target":{"@type":"EntryPoint","urlTemplate":"https:\/\/janapaulin.de\/?s={search_term_string}"},"query-input":{"@type":"PropertyValueSpecification","valueRequired":true,"valueName":"search_term_string"}}],"inLanguage":"de"},{"@type":"Organization","@id":"https:\/\/janapaulin.de\/#organization","name":"Atelier Jana Paulin","url":"https:\/\/janapaulin.de\/","logo":{"@type":"ImageObject","inLanguage":"de","@id":"https:\/\/janapaulin.de\/#\/schema\/logo\/image\/","url":"https:\/\/janapaulin.de\/wp-content\/uploads\/2025\/02\/1Logo-transparent-scaled.png","contentUrl":"https:\/\/janapaulin.de\/wp-content\/uploads\/2025\/02\/1Logo-transparent-scaled.png","width":2560,"height":637,"caption":"Atelier Jana Paulin"},"image":{"@id":"https:\/\/janapaulin.de\/#\/schema\/logo\/image\/"},"sameAs":["https:\/\/www.facebook.com\/atelierjanapaulin","https:\/\/www.instagram.com\/jana.paulin\/","https:\/\/de.pinterest.com\/atelierjanapaulin\/"]}]}},"_links":{"self":[{"href":"https:\/\/janapaulin.de\/de_de\/wp-json\/wp\/v2\/product\/2215","targetHints":{"allow":["GET"]}}],"collection":[{"href":"https:\/\/janapaulin.de\/de_de\/wp-json\/wp\/v2\/product"}],"about":[{"href":"https:\/\/janapaulin.de\/de_de\/wp-json\/wp\/v2\/types\/product"}],"replies":[{"embeddable":true,"href":"https:\/\/janapaulin.de\/de_de\/wp-json\/wp\/v2\/comments?post=2215"}],"version-history":[{"count":4,"href":"https:\/\/janapaulin.de\/de_de\/wp-json\/wp\/v2\/product\/2215\/revisions"}],"predecessor-version":[{"id":3962,"href":"https:\/\/janapaulin.de\/de_de\/wp-json\/wp\/v2\/product\/2215\/revisions\/3962"}],"wp:featuredmedia":[{"embeddable":true,"href":"https:\/\/janapaulin.de\/de_de\/wp-json\/wp\/v2\/media\/4064"}],"wp:attachment":[{"href":"https:\/\/janapaulin.de\/de_de\/wp-json\/wp\/v2\/media?parent=2215"}],"wp:term":[{"taxonomy":"product_brand","embeddable":true,"href":"https:\/\/janapaulin.de\/de_de\/wp-json\/wp\/v2\/product_brand?post=2215"},{"taxonomy":"product_cat","embeddable":true,"href":"https:\/\/janapaulin.de\/de_de\/wp-json\/wp\/v2\/product_cat?post=2215"},{"taxonomy":"product_tag","embeddable":true,"href":"https:\/\/janapaulin.de\/de_de\/wp-json\/wp\/v2\/product_tag?post=2215"}],"curies":[{"name":"wp","href":"https:\/\/api.w.org\/{rel}","templated":true}]}}