{"id":2635,"date":"2025-05-07T16:11:14","date_gmt":"2025-05-07T14:11:14","guid":{"rendered":"https:\/\/byjanapaulin.de\/?post_type=product&#038;p=2635"},"modified":"2026-01-07T16:02:30","modified_gmt":"2026-01-07T15:02:30","slug":"schleier-satinkante-eine-lage-ivory-mit-kamm-hochwertiger-tuell","status":"publish","type":"product","link":"https:\/\/janapaulin.de\/de_de\/produkt\/schleier-satinkante-eine-lage-ivory-mit-kamm-hochwertiger-tuell\/","title":{"rendered":"Schleier Satinkante eine Lage Ivory mit Kamm hochwertiger T\u00fcll"},"content":{"rendered":"<p>Entdecken Sie unseren eleganten einlagigen Schleier mit Satinkante, gefertigt aus hochwertigem T\u00fcll. Dieses stilvolle Accessoire ist die perfekte Erg\u00e4nzung, um Ihre Sch\u00f6nheit an Ihrem gro\u00dfen Tag zu betonen.<\/p>\n<p>Hochwertiges Material:\u00a0Der Schleier besteht aus edlem T\u00fcll, der eine feine und luxuri\u00f6se Optik bietet. Die zarte Satinkante verleiht dem Schleier einen eleganten und raffinierten Abschluss.<\/p>\n<p>Der Schleier ist mit einer Satinkante eingefasst, die f\u00fcr einen sauberen, polierten Look sorgt und dem Schleier eine zus\u00e4tzliche Note von Eleganz verleiht.<\/p>\n<p>Das einlagige Design sorgt f\u00fcr einen schlichten, aber eleganten Look, der Ihre nat\u00fcrliche Sch\u00f6nheit hervorhebt und perfekt zu verschiedenen Brautkleidern passt.<\/p>\n<p>Individuelle Anfertigung:\u00a0Wir bieten ma\u00dfgeschneiderte L\u00f6sungen an, damit der Schleier perfekt zu Ihrem Brautkleid passt. Kontaktieren Sie uns, um den Schleier in einer speziellen L\u00e4nge oder einem bestimmten Stil anfertigen zu lassen.<\/p>\n","protected":false},"excerpt":{"rendered":"<p>Einlagiger Brautschleier aus edlem T\u00fcll mit eleganter Satinkante. Schlicht, stilvoll und in f\u00fcnf L\u00e4ngen (75\u2013500 cm) erh\u00e4ltlich. Handgefertigt im Atelier Jana Paulin und individuell anpassbar, f\u00fcr einen zeitlos eleganten Hochzeitslook.<\/p>\n","protected":false},"featured_media":4063,"comment_status":"closed","ping_status":"closed","template":"","meta":[],"product_brand":[],"product_cat":[73],"product_tag":[78,79,81,83,77],"class_list":{"0":"post-2635","1":"product","2":"type-product","3":"status-publish","4":"has-post-thumbnail","6":"product_cat-brautschleier","7":"product_tag-100cm","8":"product_tag-200cm","9":"product_tag-300cm","10":"product_tag-500cm","11":"product_tag-75cm","12":"product_shipping_class-standardversand","14":"first","15":"instock","16":"taxable","17":"shipping-taxable","18":"purchasable","19":"product-type-variable","20":"wpzoom-wc-spi-has-enabled"},"yoast_head":"<!-- This site is optimized with the Yoast SEO plugin v26.9 - https:\/\/yoast.com\/product\/yoast-seo-wordpress\/ -->\n<title>Schleier Satinkante eine Lage Ivory mit Kamm hochwertiger T\u00fcll - Atelier Jana Paulin<\/title>\n<meta name=\"description\" content=\"Einlagiger Brautschleier aus T\u00fcll mit Satinkante. Handgefertigt im Atelier Jana Paulin. F\u00fcnf L\u00e4ngen. Stilvoll, schlicht, individuell anpassbar.\" \/>\n<meta name=\"robots\" content=\"index, follow, max-snippet:-1, max-image-preview:large, max-video-preview:-1\" \/>\n<link rel=\"canonical\" href=\"https:\/\/janapaulin.de\/de_de\/produkt\/schleier-satinkante-eine-lage-ivory-mit-kamm-hochwertiger-tuell\/\" \/>\n<meta property=\"og:locale\" content=\"de_DE\" \/>\n<meta property=\"og:type\" content=\"article\" \/>\n<meta property=\"og:title\" content=\"Schleier Satinkante eine Lage Ivory mit Kamm hochwertiger T\u00fcll - Atelier Jana Paulin\" \/>\n<meta property=\"og:description\" content=\"Einlagiger Brautschleier aus T\u00fcll mit Satinkante. Handgefertigt im Atelier Jana Paulin. F\u00fcnf L\u00e4ngen. Stilvoll, schlicht, individuell anpassbar.\" \/>\n<meta property=\"og:url\" content=\"https:\/\/janapaulin.de\/de_de\/produkt\/schleier-satinkante-eine-lage-ivory-mit-kamm-hochwertiger-tuell\/\" \/>\n<meta property=\"og:site_name\" content=\"Atelier Jana Paulin\" \/>\n<meta property=\"article:publisher\" content=\"https:\/\/www.facebook.com\/atelierjanapaulin\" \/>\n<meta property=\"article:modified_time\" content=\"2026-01-07T15:02:30+00:00\" \/>\n<meta property=\"og:image\" content=\"https:\/\/janapaulin.de\/wp-content\/uploads\/2025\/05\/DSC_2727_edit-66-2-1-scaled.jpg\" \/>\n\t<meta property=\"og:image:width\" content=\"1707\" \/>\n\t<meta property=\"og:image:height\" content=\"2560\" \/>\n\t<meta property=\"og:image:type\" content=\"image\/jpeg\" \/>\n<meta name=\"twitter:card\" content=\"summary_large_image\" \/>\n<meta name=\"twitter:label1\" content=\"Gesch\u00e4tzte Lesezeit\" \/>\n\t<meta name=\"twitter:data1\" content=\"1\u00a0Minute\" \/>\n<script type=\"application\/ld+json\" class=\"yoast-schema-graph\">{\"@context\":\"https:\/\/schema.org\",\"@graph\":[{\"@type\":\"WebPage\",\"@id\":\"https:\/\/janapaulin.de\/produkt\/schleier-satinkante-eine-lage-ivory-mit-kamm-hochwertiger-tuell\/\",\"url\":\"https:\/\/janapaulin.de\/produkt\/schleier-satinkante-eine-lage-ivory-mit-kamm-hochwertiger-tuell\/\",\"name\":\"Schleier Satinkante eine Lage Ivory mit Kamm hochwertiger T\u00fcll - Atelier Jana Paulin\",\"isPartOf\":{\"@id\":\"https:\/\/janapaulin.de\/#website\"},\"primaryImageOfPage\":{\"@id\":\"https:\/\/janapaulin.de\/produkt\/schleier-satinkante-eine-lage-ivory-mit-kamm-hochwertiger-tuell\/#primaryimage\"},\"image\":{\"@id\":\"https:\/\/janapaulin.de\/produkt\/schleier-satinkante-eine-lage-ivory-mit-kamm-hochwertiger-tuell\/#primaryimage\"},\"thumbnailUrl\":\"https:\/\/janapaulin.de\/wp-content\/uploads\/2025\/05\/DSC_2727_edit-66-2-1-scaled.jpg\",\"datePublished\":\"2025-05-07T14:11:14+00:00\",\"dateModified\":\"2026-01-07T15:02:30+00:00\",\"description\":\"Einlagiger Brautschleier aus T\u00fcll mit Satinkante. Handgefertigt im Atelier Jana Paulin. F\u00fcnf L\u00e4ngen. Stilvoll, schlicht, individuell anpassbar.\",\"breadcrumb\":{\"@id\":\"https:\/\/janapaulin.de\/produkt\/schleier-satinkante-eine-lage-ivory-mit-kamm-hochwertiger-tuell\/#breadcrumb\"},\"inLanguage\":\"de\",\"potentialAction\":[{\"@type\":\"ReadAction\",\"target\":[\"https:\/\/janapaulin.de\/produkt\/schleier-satinkante-eine-lage-ivory-mit-kamm-hochwertiger-tuell\/\"]}]},{\"@type\":\"ImageObject\",\"inLanguage\":\"de\",\"@id\":\"https:\/\/janapaulin.de\/produkt\/schleier-satinkante-eine-lage-ivory-mit-kamm-hochwertiger-tuell\/#primaryimage\",\"url\":\"https:\/\/janapaulin.de\/wp-content\/uploads\/2025\/05\/DSC_2727_edit-66-2-1-scaled.jpg\",\"contentUrl\":\"https:\/\/janapaulin.de\/wp-content\/uploads\/2025\/05\/DSC_2727_edit-66-2-1-scaled.jpg\",\"width\":1707,\"height\":2560,\"caption\":\"Schlichter Brautschleier mit Satinkante aus feinem T\u00fcll in Ivory einlagig mit Kamm\"},{\"@type\":\"BreadcrumbList\",\"@id\":\"https:\/\/janapaulin.de\/produkt\/schleier-satinkante-eine-lage-ivory-mit-kamm-hochwertiger-tuell\/#breadcrumb\",\"itemListElement\":[{\"@type\":\"ListItem\",\"position\":1,\"name\":\"Startseite\",\"item\":\"https:\/\/janapaulin.de\/\"},{\"@type\":\"ListItem\",\"position\":2,\"name\":\"Online Shop\",\"item\":\"https:\/\/janapaulin.de\/online-shop\/\"},{\"@type\":\"ListItem\",\"position\":3,\"name\":\"Schleier Satinkante eine Lage Ivory mit Kamm hochwertiger T\u00fcll\"}]},{\"@type\":\"WebSite\",\"@id\":\"https:\/\/janapaulin.de\/#website\",\"url\":\"https:\/\/janapaulin.de\/\",\"name\":\"Atelier Jana Paulin\",\"description\":\"Ma\u00dfgeschneiderte Brautmode in Berlin\",\"publisher\":{\"@id\":\"https:\/\/janapaulin.de\/#organization\"},\"potentialAction\":[{\"@type\":\"SearchAction\",\"target\":{\"@type\":\"EntryPoint\",\"urlTemplate\":\"https:\/\/janapaulin.de\/?s={search_term_string}\"},\"query-input\":{\"@type\":\"PropertyValueSpecification\",\"valueRequired\":true,\"valueName\":\"search_term_string\"}}],\"inLanguage\":\"de\"},{\"@type\":\"Organization\",\"@id\":\"https:\/\/janapaulin.de\/#organization\",\"name\":\"Atelier Jana Paulin\",\"url\":\"https:\/\/janapaulin.de\/\",\"logo\":{\"@type\":\"ImageObject\",\"inLanguage\":\"de\",\"@id\":\"https:\/\/janapaulin.de\/#\/schema\/logo\/image\/\",\"url\":\"https:\/\/janapaulin.de\/wp-content\/uploads\/2025\/02\/1Logo-transparent-scaled.png\",\"contentUrl\":\"https:\/\/janapaulin.de\/wp-content\/uploads\/2025\/02\/1Logo-transparent-scaled.png\",\"width\":2560,\"height\":637,\"caption\":\"Atelier Jana Paulin\"},\"image\":{\"@id\":\"https:\/\/janapaulin.de\/#\/schema\/logo\/image\/\"},\"sameAs\":[\"https:\/\/www.facebook.com\/atelierjanapaulin\",\"https:\/\/www.instagram.com\/jana.paulin\/\",\"https:\/\/de.pinterest.com\/atelierjanapaulin\/\"]}]}<\/script>\n<!-- \/ Yoast SEO plugin. -->","yoast_head_json":{"title":"Schleier Satinkante eine Lage Ivory mit Kamm hochwertiger T\u00fcll - Atelier Jana Paulin","description":"Einlagiger Brautschleier aus T\u00fcll mit Satinkante. Handgefertigt im Atelier Jana Paulin. F\u00fcnf L\u00e4ngen. Stilvoll, schlicht, individuell anpassbar.","robots":{"index":"index","follow":"follow","max-snippet":"max-snippet:-1","max-image-preview":"max-image-preview:large","max-video-preview":"max-video-preview:-1"},"canonical":"https:\/\/janapaulin.de\/de_de\/produkt\/schleier-satinkante-eine-lage-ivory-mit-kamm-hochwertiger-tuell\/","og_locale":"de_DE","og_type":"article","og_title":"Schleier Satinkante eine Lage Ivory mit Kamm hochwertiger T\u00fcll - Atelier Jana Paulin","og_description":"Einlagiger Brautschleier aus T\u00fcll mit Satinkante. Handgefertigt im Atelier Jana Paulin. F\u00fcnf L\u00e4ngen. Stilvoll, schlicht, individuell anpassbar.","og_url":"https:\/\/janapaulin.de\/de_de\/produkt\/schleier-satinkante-eine-lage-ivory-mit-kamm-hochwertiger-tuell\/","og_site_name":"Atelier Jana Paulin","article_publisher":"https:\/\/www.facebook.com\/atelierjanapaulin","article_modified_time":"2026-01-07T15:02:30+00:00","og_image":[{"width":1707,"height":2560,"url":"https:\/\/janapaulin.de\/wp-content\/uploads\/2025\/05\/DSC_2727_edit-66-2-1-scaled.jpg","type":"image\/jpeg"}],"twitter_card":"summary_large_image","twitter_misc":{"Gesch\u00e4tzte Lesezeit":"1\u00a0Minute"},"schema":{"@context":"https:\/\/schema.org","@graph":[{"@type":"WebPage","@id":"https:\/\/janapaulin.de\/produkt\/schleier-satinkante-eine-lage-ivory-mit-kamm-hochwertiger-tuell\/","url":"https:\/\/janapaulin.de\/produkt\/schleier-satinkante-eine-lage-ivory-mit-kamm-hochwertiger-tuell\/","name":"Schleier Satinkante eine Lage Ivory mit Kamm hochwertiger T\u00fcll - Atelier Jana Paulin","isPartOf":{"@id":"https:\/\/janapaulin.de\/#website"},"primaryImageOfPage":{"@id":"https:\/\/janapaulin.de\/produkt\/schleier-satinkante-eine-lage-ivory-mit-kamm-hochwertiger-tuell\/#primaryimage"},"image":{"@id":"https:\/\/janapaulin.de\/produkt\/schleier-satinkante-eine-lage-ivory-mit-kamm-hochwertiger-tuell\/#primaryimage"},"thumbnailUrl":"https:\/\/janapaulin.de\/wp-content\/uploads\/2025\/05\/DSC_2727_edit-66-2-1-scaled.jpg","datePublished":"2025-05-07T14:11:14+00:00","dateModified":"2026-01-07T15:02:30+00:00","description":"Einlagiger Brautschleier aus T\u00fcll mit Satinkante. Handgefertigt im Atelier Jana Paulin. F\u00fcnf L\u00e4ngen. Stilvoll, schlicht, individuell anpassbar.","breadcrumb":{"@id":"https:\/\/janapaulin.de\/produkt\/schleier-satinkante-eine-lage-ivory-mit-kamm-hochwertiger-tuell\/#breadcrumb"},"inLanguage":"de","potentialAction":[{"@type":"ReadAction","target":["https:\/\/janapaulin.de\/produkt\/schleier-satinkante-eine-lage-ivory-mit-kamm-hochwertiger-tuell\/"]}]},{"@type":"ImageObject","inLanguage":"de","@id":"https:\/\/janapaulin.de\/produkt\/schleier-satinkante-eine-lage-ivory-mit-kamm-hochwertiger-tuell\/#primaryimage","url":"https:\/\/janapaulin.de\/wp-content\/uploads\/2025\/05\/DSC_2727_edit-66-2-1-scaled.jpg","contentUrl":"https:\/\/janapaulin.de\/wp-content\/uploads\/2025\/05\/DSC_2727_edit-66-2-1-scaled.jpg","width":1707,"height":2560,"caption":"Schlichter Brautschleier mit Satinkante aus feinem T\u00fcll in Ivory einlagig mit Kamm"},{"@type":"BreadcrumbList","@id":"https:\/\/janapaulin.de\/produkt\/schleier-satinkante-eine-lage-ivory-mit-kamm-hochwertiger-tuell\/#breadcrumb","itemListElement":[{"@type":"ListItem","position":1,"name":"Startseite","item":"https:\/\/janapaulin.de\/"},{"@type":"ListItem","position":2,"name":"Online Shop","item":"https:\/\/janapaulin.de\/online-shop\/"},{"@type":"ListItem","position":3,"name":"Schleier Satinkante eine Lage Ivory mit Kamm hochwertiger T\u00fcll"}]},{"@type":"WebSite","@id":"https:\/\/janapaulin.de\/#website","url":"https:\/\/janapaulin.de\/","name":"Atelier Jana Paulin","description":"Ma\u00dfgeschneiderte Brautmode in Berlin","publisher":{"@id":"https:\/\/janapaulin.de\/#organization"},"potentialAction":[{"@type":"SearchAction","target":{"@type":"EntryPoint","urlTemplate":"https:\/\/janapaulin.de\/?s={search_term_string}"},"query-input":{"@type":"PropertyValueSpecification","valueRequired":true,"valueName":"search_term_string"}}],"inLanguage":"de"},{"@type":"Organization","@id":"https:\/\/janapaulin.de\/#organization","name":"Atelier Jana Paulin","url":"https:\/\/janapaulin.de\/","logo":{"@type":"ImageObject","inLanguage":"de","@id":"https:\/\/janapaulin.de\/#\/schema\/logo\/image\/","url":"https:\/\/janapaulin.de\/wp-content\/uploads\/2025\/02\/1Logo-transparent-scaled.png","contentUrl":"https:\/\/janapaulin.de\/wp-content\/uploads\/2025\/02\/1Logo-transparent-scaled.png","width":2560,"height":637,"caption":"Atelier Jana Paulin"},"image":{"@id":"https:\/\/janapaulin.de\/#\/schema\/logo\/image\/"},"sameAs":["https:\/\/www.facebook.com\/atelierjanapaulin","https:\/\/www.instagram.com\/jana.paulin\/","https:\/\/de.pinterest.com\/atelierjanapaulin\/"]}]}},"_links":{"self":[{"href":"https:\/\/janapaulin.de\/de_de\/wp-json\/wp\/v2\/product\/2635","targetHints":{"allow":["GET"]}}],"collection":[{"href":"https:\/\/janapaulin.de\/de_de\/wp-json\/wp\/v2\/product"}],"about":[{"href":"https:\/\/janapaulin.de\/de_de\/wp-json\/wp\/v2\/types\/product"}],"replies":[{"embeddable":true,"href":"https:\/\/janapaulin.de\/de_de\/wp-json\/wp\/v2\/comments?post=2635"}],"version-history":[{"count":2,"href":"https:\/\/janapaulin.de\/de_de\/wp-json\/wp\/v2\/product\/2635\/revisions"}],"predecessor-version":[{"id":3949,"href":"https:\/\/janapaulin.de\/de_de\/wp-json\/wp\/v2\/product\/2635\/revisions\/3949"}],"wp:featuredmedia":[{"embeddable":true,"href":"https:\/\/janapaulin.de\/de_de\/wp-json\/wp\/v2\/media\/4063"}],"wp:attachment":[{"href":"https:\/\/janapaulin.de\/de_de\/wp-json\/wp\/v2\/media?parent=2635"}],"wp:term":[{"taxonomy":"product_brand","embeddable":true,"href":"https:\/\/janapaulin.de\/de_de\/wp-json\/wp\/v2\/product_brand?post=2635"},{"taxonomy":"product_cat","embeddable":true,"href":"https:\/\/janapaulin.de\/de_de\/wp-json\/wp\/v2\/product_cat?post=2635"},{"taxonomy":"product_tag","embeddable":true,"href":"https:\/\/janapaulin.de\/de_de\/wp-json\/wp\/v2\/product_tag?post=2635"}],"curies":[{"name":"wp","href":"https:\/\/api.w.org\/{rel}","templated":true}]}}