{"id":3934,"date":"2026-01-05T20:00:19","date_gmt":"2026-01-05T19:00:19","guid":{"rendered":"https:\/\/janapaulin.de\/?post_type=product&#038;p=3934"},"modified":"2026-01-07T20:46:29","modified_gmt":"2026-01-07T19:46:29","slug":"brautschleier-perlenschleier-einlagig-handgefertigt-aus-italienischem-tuell-ivory","status":"publish","type":"product","link":"https:\/\/janapaulin.de\/de_de\/produkt\/brautschleier-perlenschleier-einlagig-handgefertigt-aus-italienischem-tuell-ivory\/","title":{"rendered":"Brautschleier Perlenschleier Einlagig handgefertigt aus italienischem T\u00fcll Ivory"},"content":{"rendered":"<p data-start=\"441\" data-end=\"746\">Verleihen Sie Ihrem Brautlook einen Hauch von Luxus mit unserem einlagigen Perlenschleier, handgefertigt aus besticktem italienischem T\u00fcll und kunstvoll mit Perlen verziert. Dieser zarte Hochzeitsschleier setzt funkelnde Akzente und sorgt f\u00fcr eine unvergessliche Eleganz an Ihrem gro\u00dfen Tag.<\/p>\n<p data-start=\"441\" data-end=\"746\">Der Schleier besteht aus feinstem T\u00fcll, liebevoll bestickt mit gl\u00e4nzenden Perlen, die das Licht einfangen und einen zarten, schimmernden Effekt erzeugen. Perfekt f\u00fcr Br\u00e4ute, die auf Qualit\u00e4t und Detailverliebtheit setzen.<\/p>\n<p data-start=\"748\" data-end=\"1000\">Der Ivory-Farbton passt zu den meisten Brautkleidern und unterstreicht die edle Optik dieses Accessoires. Mit Liebe im Atelier Jana Paulin gefertigt,\u00a0 jeder Schleier garantiert h\u00f6chste Qualit\u00e4t und feine Verarbeitung.<\/p>\n<p data-start=\"1836\" data-end=\"1989\">Der Schleier wird mit einem Kamm geliefert, der sicheren Halt bietet und ein einfaches Anbringen garantiert.<\/p>\n<div style=\"width: 1080px;\" class=\"wp-video\"><video class=\"wp-video-shortcode\" id=\"video-3934-1\" width=\"1080\" height=\"1920\" preload=\"metadata\" controls=\"controls\"><source type=\"video\/mp4\" src=\"https:\/\/janapaulin.de\/wp-content\/uploads\/2026\/01\/V05.mp4?_=1\" \/><a href=\"https:\/\/janapaulin.de\/wp-content\/uploads\/2026\/01\/V05.mp4\">https:\/\/janapaulin.de\/wp-content\/uploads\/2026\/01\/V05.mp4<\/a><\/video><\/div>\n","protected":false},"excerpt":{"rendered":"<p>Einlagiger Perlenschleier aus feinstem besticktem italienischem T\u00fcll in Ivory. Handgefertigt mit elegantem Perlenverlauf,\u00a0 das perfekte Accessoire f\u00fcr eine traumhafte Hochzeit.<\/p>\n","protected":false},"featured_media":3944,"comment_status":"open","ping_status":"closed","template":"","meta":[],"product_brand":[],"product_cat":[73],"product_tag":[118,122,123,124,125,126,121],"class_list":{"0":"post-3934","1":"product","2":"type-product","3":"status-publish","4":"has-post-thumbnail","6":"product_cat-brautschleier","7":"product_tag-brautschleier","8":"product_tag-hochzeit","9":"product_tag-hochzeitsschleier-perlen-stickerei","10":"product_tag-kathedralschleier-perlen-online-kaufen","11":"product_tag-schleier-kurz","12":"product_tag-schleier-lang","13":"product_tag-schleier-perlen","15":"first","16":"instock","17":"sale","18":"taxable","19":"shipping-taxable","20":"purchasable","21":"product-type-variable","22":"wpzoom-wc-spi-has-enabled"},"yoast_head":"<!-- This site is optimized with the Yoast SEO plugin v26.9 - https:\/\/yoast.com\/product\/yoast-seo-wordpress\/ -->\n<title>Brautschleier Perlenschleier Einlagig Couture Ivory Elfenbein - Atelier Jana Paulin<\/title>\n<meta name=\"description\" content=\"Verleihen Sie Ihrem Brautlook mit dem handgefertigten Brautschleier Perlenschleier einen Hauch von Luxus. Sichern Sie sich diesen einzigartigen Schleier!\" \/>\n<meta name=\"robots\" content=\"index, follow, max-snippet:-1, max-image-preview:large, max-video-preview:-1\" \/>\n<link rel=\"canonical\" href=\"https:\/\/janapaulin.de\/de_de\/produkt\/brautschleier-perlenschleier-einlagig-handgefertigt-aus-italienischem-tuell-ivory\/\" \/>\n<meta property=\"og:locale\" content=\"de_DE\" \/>\n<meta property=\"og:type\" content=\"article\" \/>\n<meta property=\"og:title\" content=\"Brautschleier Perlenschleier Einlagig Couture Ivory Elfenbein - Atelier Jana Paulin\" \/>\n<meta property=\"og:description\" content=\"Verleihen Sie Ihrem Brautlook mit dem handgefertigten Brautschleier Perlenschleier einen Hauch von Luxus. Sichern Sie sich diesen einzigartigen Schleier!\" \/>\n<meta property=\"og:url\" content=\"https:\/\/janapaulin.de\/de_de\/produkt\/brautschleier-perlenschleier-einlagig-handgefertigt-aus-italienischem-tuell-ivory\/\" \/>\n<meta property=\"og:site_name\" content=\"Atelier Jana Paulin\" \/>\n<meta property=\"article:publisher\" content=\"https:\/\/www.facebook.com\/atelierjanapaulin\" \/>\n<meta property=\"article:modified_time\" content=\"2026-01-07T19:46:29+00:00\" \/>\n<meta property=\"og:image\" content=\"https:\/\/janapaulin.de\/wp-content\/uploads\/2026\/01\/DSC_2727_edit-123-scaled.jpg\" \/>\n\t<meta property=\"og:image:width\" content=\"1707\" \/>\n\t<meta property=\"og:image:height\" content=\"2560\" \/>\n\t<meta property=\"og:image:type\" content=\"image\/jpeg\" \/>\n<meta name=\"twitter:card\" content=\"summary_large_image\" \/>\n<meta name=\"twitter:label1\" content=\"Gesch\u00e4tzte Lesezeit\" \/>\n\t<meta name=\"twitter:data1\" content=\"1\u00a0Minute\" \/>\n<script type=\"application\/ld+json\" class=\"yoast-schema-graph\">{\"@context\":\"https:\/\/schema.org\",\"@graph\":[{\"@type\":\"WebPage\",\"@id\":\"https:\/\/janapaulin.de\/produkt\/brautschleier-perlenschleier-einlagig-handgefertigt-aus-italienischem-tuell-ivory\/\",\"url\":\"https:\/\/janapaulin.de\/produkt\/brautschleier-perlenschleier-einlagig-handgefertigt-aus-italienischem-tuell-ivory\/\",\"name\":\"Brautschleier Perlenschleier Einlagig Couture Ivory Elfenbein - Atelier Jana Paulin\",\"isPartOf\":{\"@id\":\"https:\/\/janapaulin.de\/#website\"},\"primaryImageOfPage\":{\"@id\":\"https:\/\/janapaulin.de\/produkt\/brautschleier-perlenschleier-einlagig-handgefertigt-aus-italienischem-tuell-ivory\/#primaryimage\"},\"image\":{\"@id\":\"https:\/\/janapaulin.de\/produkt\/brautschleier-perlenschleier-einlagig-handgefertigt-aus-italienischem-tuell-ivory\/#primaryimage\"},\"thumbnailUrl\":\"https:\/\/janapaulin.de\/wp-content\/uploads\/2026\/01\/DSC_2727_edit-123-scaled.jpg\",\"datePublished\":\"2026-01-05T19:00:19+00:00\",\"dateModified\":\"2026-01-07T19:46:29+00:00\",\"description\":\"Verleihen Sie Ihrem Brautlook mit dem handgefertigten Brautschleier Perlenschleier einen Hauch von Luxus. Sichern Sie sich diesen einzigartigen Schleier!\",\"breadcrumb\":{\"@id\":\"https:\/\/janapaulin.de\/produkt\/brautschleier-perlenschleier-einlagig-handgefertigt-aus-italienischem-tuell-ivory\/#breadcrumb\"},\"inLanguage\":\"de\",\"potentialAction\":[{\"@type\":\"ReadAction\",\"target\":[\"https:\/\/janapaulin.de\/produkt\/brautschleier-perlenschleier-einlagig-handgefertigt-aus-italienischem-tuell-ivory\/\"]}]},{\"@type\":\"ImageObject\",\"inLanguage\":\"de\",\"@id\":\"https:\/\/janapaulin.de\/produkt\/brautschleier-perlenschleier-einlagig-handgefertigt-aus-italienischem-tuell-ivory\/#primaryimage\",\"url\":\"https:\/\/janapaulin.de\/wp-content\/uploads\/2026\/01\/DSC_2727_edit-123-scaled.jpg\",\"contentUrl\":\"https:\/\/janapaulin.de\/wp-content\/uploads\/2026\/01\/DSC_2727_edit-123-scaled.jpg\",\"width\":1707,\"height\":2560,\"caption\":\"Brautschleier Perlenschleier Einlagig handgefertigt aus italienischem T\u00fcll Ivory\"},{\"@type\":\"BreadcrumbList\",\"@id\":\"https:\/\/janapaulin.de\/produkt\/brautschleier-perlenschleier-einlagig-handgefertigt-aus-italienischem-tuell-ivory\/#breadcrumb\",\"itemListElement\":[{\"@type\":\"ListItem\",\"position\":1,\"name\":\"Startseite\",\"item\":\"https:\/\/janapaulin.de\/\"},{\"@type\":\"ListItem\",\"position\":2,\"name\":\"Online Shop\",\"item\":\"https:\/\/janapaulin.de\/online-shop\/\"},{\"@type\":\"ListItem\",\"position\":3,\"name\":\"Brautschleier Perlenschleier Einlagig handgefertigt aus italienischem T\u00fcll Ivory\"}]},{\"@type\":\"WebSite\",\"@id\":\"https:\/\/janapaulin.de\/#website\",\"url\":\"https:\/\/janapaulin.de\/\",\"name\":\"Atelier Jana Paulin\",\"description\":\"Ma\u00dfgeschneiderte Brautmode in Berlin\",\"publisher\":{\"@id\":\"https:\/\/janapaulin.de\/#organization\"},\"potentialAction\":[{\"@type\":\"SearchAction\",\"target\":{\"@type\":\"EntryPoint\",\"urlTemplate\":\"https:\/\/janapaulin.de\/?s={search_term_string}\"},\"query-input\":{\"@type\":\"PropertyValueSpecification\",\"valueRequired\":true,\"valueName\":\"search_term_string\"}}],\"inLanguage\":\"de\"},{\"@type\":\"Organization\",\"@id\":\"https:\/\/janapaulin.de\/#organization\",\"name\":\"Atelier Jana Paulin\",\"url\":\"https:\/\/janapaulin.de\/\",\"logo\":{\"@type\":\"ImageObject\",\"inLanguage\":\"de\",\"@id\":\"https:\/\/janapaulin.de\/#\/schema\/logo\/image\/\",\"url\":\"https:\/\/janapaulin.de\/wp-content\/uploads\/2025\/02\/1Logo-transparent-scaled.png\",\"contentUrl\":\"https:\/\/janapaulin.de\/wp-content\/uploads\/2025\/02\/1Logo-transparent-scaled.png\",\"width\":2560,\"height\":637,\"caption\":\"Atelier Jana Paulin\"},\"image\":{\"@id\":\"https:\/\/janapaulin.de\/#\/schema\/logo\/image\/\"},\"sameAs\":[\"https:\/\/www.facebook.com\/atelierjanapaulin\",\"https:\/\/www.instagram.com\/jana.paulin\/\",\"https:\/\/de.pinterest.com\/atelierjanapaulin\/\"]}]}<\/script>\n<!-- \/ Yoast SEO plugin. -->","yoast_head_json":{"title":"Brautschleier Perlenschleier Einlagig Couture Ivory Elfenbein - Atelier Jana Paulin","description":"Verleihen Sie Ihrem Brautlook mit dem handgefertigten Brautschleier Perlenschleier einen Hauch von Luxus. Sichern Sie sich diesen einzigartigen Schleier!","robots":{"index":"index","follow":"follow","max-snippet":"max-snippet:-1","max-image-preview":"max-image-preview:large","max-video-preview":"max-video-preview:-1"},"canonical":"https:\/\/janapaulin.de\/de_de\/produkt\/brautschleier-perlenschleier-einlagig-handgefertigt-aus-italienischem-tuell-ivory\/","og_locale":"de_DE","og_type":"article","og_title":"Brautschleier Perlenschleier Einlagig Couture Ivory Elfenbein - Atelier Jana Paulin","og_description":"Verleihen Sie Ihrem Brautlook mit dem handgefertigten Brautschleier Perlenschleier einen Hauch von Luxus. Sichern Sie sich diesen einzigartigen Schleier!","og_url":"https:\/\/janapaulin.de\/de_de\/produkt\/brautschleier-perlenschleier-einlagig-handgefertigt-aus-italienischem-tuell-ivory\/","og_site_name":"Atelier Jana Paulin","article_publisher":"https:\/\/www.facebook.com\/atelierjanapaulin","article_modified_time":"2026-01-07T19:46:29+00:00","og_image":[{"width":1707,"height":2560,"url":"https:\/\/janapaulin.de\/wp-content\/uploads\/2026\/01\/DSC_2727_edit-123-scaled.jpg","type":"image\/jpeg"}],"twitter_card":"summary_large_image","twitter_misc":{"Gesch\u00e4tzte Lesezeit":"1\u00a0Minute"},"schema":{"@context":"https:\/\/schema.org","@graph":[{"@type":"WebPage","@id":"https:\/\/janapaulin.de\/produkt\/brautschleier-perlenschleier-einlagig-handgefertigt-aus-italienischem-tuell-ivory\/","url":"https:\/\/janapaulin.de\/produkt\/brautschleier-perlenschleier-einlagig-handgefertigt-aus-italienischem-tuell-ivory\/","name":"Brautschleier Perlenschleier Einlagig Couture Ivory Elfenbein - Atelier Jana Paulin","isPartOf":{"@id":"https:\/\/janapaulin.de\/#website"},"primaryImageOfPage":{"@id":"https:\/\/janapaulin.de\/produkt\/brautschleier-perlenschleier-einlagig-handgefertigt-aus-italienischem-tuell-ivory\/#primaryimage"},"image":{"@id":"https:\/\/janapaulin.de\/produkt\/brautschleier-perlenschleier-einlagig-handgefertigt-aus-italienischem-tuell-ivory\/#primaryimage"},"thumbnailUrl":"https:\/\/janapaulin.de\/wp-content\/uploads\/2026\/01\/DSC_2727_edit-123-scaled.jpg","datePublished":"2026-01-05T19:00:19+00:00","dateModified":"2026-01-07T19:46:29+00:00","description":"Verleihen Sie Ihrem Brautlook mit dem handgefertigten Brautschleier Perlenschleier einen Hauch von Luxus. Sichern Sie sich diesen einzigartigen Schleier!","breadcrumb":{"@id":"https:\/\/janapaulin.de\/produkt\/brautschleier-perlenschleier-einlagig-handgefertigt-aus-italienischem-tuell-ivory\/#breadcrumb"},"inLanguage":"de","potentialAction":[{"@type":"ReadAction","target":["https:\/\/janapaulin.de\/produkt\/brautschleier-perlenschleier-einlagig-handgefertigt-aus-italienischem-tuell-ivory\/"]}]},{"@type":"ImageObject","inLanguage":"de","@id":"https:\/\/janapaulin.de\/produkt\/brautschleier-perlenschleier-einlagig-handgefertigt-aus-italienischem-tuell-ivory\/#primaryimage","url":"https:\/\/janapaulin.de\/wp-content\/uploads\/2026\/01\/DSC_2727_edit-123-scaled.jpg","contentUrl":"https:\/\/janapaulin.de\/wp-content\/uploads\/2026\/01\/DSC_2727_edit-123-scaled.jpg","width":1707,"height":2560,"caption":"Brautschleier Perlenschleier Einlagig handgefertigt aus italienischem T\u00fcll Ivory"},{"@type":"BreadcrumbList","@id":"https:\/\/janapaulin.de\/produkt\/brautschleier-perlenschleier-einlagig-handgefertigt-aus-italienischem-tuell-ivory\/#breadcrumb","itemListElement":[{"@type":"ListItem","position":1,"name":"Startseite","item":"https:\/\/janapaulin.de\/"},{"@type":"ListItem","position":2,"name":"Online Shop","item":"https:\/\/janapaulin.de\/online-shop\/"},{"@type":"ListItem","position":3,"name":"Brautschleier Perlenschleier Einlagig handgefertigt aus italienischem T\u00fcll Ivory"}]},{"@type":"WebSite","@id":"https:\/\/janapaulin.de\/#website","url":"https:\/\/janapaulin.de\/","name":"Atelier Jana Paulin","description":"Ma\u00dfgeschneiderte Brautmode in Berlin","publisher":{"@id":"https:\/\/janapaulin.de\/#organization"},"potentialAction":[{"@type":"SearchAction","target":{"@type":"EntryPoint","urlTemplate":"https:\/\/janapaulin.de\/?s={search_term_string}"},"query-input":{"@type":"PropertyValueSpecification","valueRequired":true,"valueName":"search_term_string"}}],"inLanguage":"de"},{"@type":"Organization","@id":"https:\/\/janapaulin.de\/#organization","name":"Atelier Jana Paulin","url":"https:\/\/janapaulin.de\/","logo":{"@type":"ImageObject","inLanguage":"de","@id":"https:\/\/janapaulin.de\/#\/schema\/logo\/image\/","url":"https:\/\/janapaulin.de\/wp-content\/uploads\/2025\/02\/1Logo-transparent-scaled.png","contentUrl":"https:\/\/janapaulin.de\/wp-content\/uploads\/2025\/02\/1Logo-transparent-scaled.png","width":2560,"height":637,"caption":"Atelier Jana Paulin"},"image":{"@id":"https:\/\/janapaulin.de\/#\/schema\/logo\/image\/"},"sameAs":["https:\/\/www.facebook.com\/atelierjanapaulin","https:\/\/www.instagram.com\/jana.paulin\/","https:\/\/de.pinterest.com\/atelierjanapaulin\/"]}]}},"_links":{"self":[{"href":"https:\/\/janapaulin.de\/de_de\/wp-json\/wp\/v2\/product\/3934","targetHints":{"allow":["GET"]}}],"collection":[{"href":"https:\/\/janapaulin.de\/de_de\/wp-json\/wp\/v2\/product"}],"about":[{"href":"https:\/\/janapaulin.de\/de_de\/wp-json\/wp\/v2\/types\/product"}],"replies":[{"embeddable":true,"href":"https:\/\/janapaulin.de\/de_de\/wp-json\/wp\/v2\/comments?post=3934"}],"version-history":[{"count":6,"href":"https:\/\/janapaulin.de\/de_de\/wp-json\/wp\/v2\/product\/3934\/revisions"}],"predecessor-version":[{"id":4094,"href":"https:\/\/janapaulin.de\/de_de\/wp-json\/wp\/v2\/product\/3934\/revisions\/4094"}],"wp:featuredmedia":[{"embeddable":true,"href":"https:\/\/janapaulin.de\/de_de\/wp-json\/wp\/v2\/media\/3944"}],"wp:attachment":[{"href":"https:\/\/janapaulin.de\/de_de\/wp-json\/wp\/v2\/media?parent=3934"}],"wp:term":[{"taxonomy":"product_brand","embeddable":true,"href":"https:\/\/janapaulin.de\/de_de\/wp-json\/wp\/v2\/product_brand?post=3934"},{"taxonomy":"product_cat","embeddable":true,"href":"https:\/\/janapaulin.de\/de_de\/wp-json\/wp\/v2\/product_cat?post=3934"},{"taxonomy":"product_tag","embeddable":true,"href":"https:\/\/janapaulin.de\/de_de\/wp-json\/wp\/v2\/product_tag?post=3934"}],"curies":[{"name":"wp","href":"https:\/\/api.w.org\/{rel}","templated":true}]}}