{"id":2875,"date":"2025-05-16T21:10:05","date_gmt":"2025-05-16T19:10:05","guid":{"rendered":"https:\/\/byjanapaulin.de\/?page_id=2875"},"modified":"2025-05-16T21:10:10","modified_gmt":"2025-05-16T19:10:10","slug":"agb-online-shop","status":"publish","type":"page","link":"https:\/\/janapaulin.de\/en_en\/agb-online-shop\/","title":{"rendered":"Terms and Conditions \u2013 Online Shop"},"content":{"rendered":"<h4 class=\"wp-block-heading\">Allgemeine Gesch\u00e4ftsbedingungen f\u00fcr die Nutzung des Onlineshops<\/h4>\n\n\n\n<h3 class=\"wp-block-heading\"><a href=\"https:\/\/janapaulin.de\/en_en\/category\/all-products\/\">www.janapaulin.de,<\/a><\/h3>\n\n\n\n<h4 class=\"wp-block-heading\">Stand: 29. Juli 2024<\/h4>\n\n\n\n<p>\u200b<\/p>\n\n\n\n<p>\u00a7 1. Allgemeines Alle Vertr\u00e4ge \u00fcber Atelier Jana Paulin, Showroom Heerstra\u00dfe 2, 14052 Berlin , Inh. Zhanna Snesareva, Brehmestra\u00dfe 64, 13187 Berlin (nachfolgend \u201eAtelier Jana Paulin\u201c genannt) mit dem Kunden geschlossen werden, erfolgen ausschlie\u00dflich auf der Grundlage der nachfolgenden Allgemeinen Gesch\u00e4ftsbedingungen. Abweichende Regelungen haben nur dann Geltung, wenn sie zwischen Atelier Jana Paulin und dem Kunden vorher schriftlich vereinbart wurden.<\/p>\n\n\n\n<p>\u200b<\/p>\n\n\n\n<p>\u00a7 2. Verbraucher und Unternehmer 2.1 Die Angebote von Atelier Jana Paulin richten sich sowohl an Verbraucher als auch an Unternehmer.<\/p>\n\n\n\n<p>\u200b<\/p>\n\n\n\n<p>2.2 Verbraucher im Sinne dieser Bedingungen ist jede nat\u00fcrliche Person, die den Vertrag mit Atelier Jana Paulin zu Zwecken abschlie\u00dft, die \u00fcberwiegend weder ihrer gewerblichen noch ihrer selbst\u00e4ndigen beruflichen T\u00e4tigkeit zugerechnet werden k\u00f6nnen.<\/p>\n\n\n\n<p>\u200b<\/p>\n\n\n\n<p>2.3 Unternehmer im Sinne dieser Bedingungen ist eine nat\u00fcrliche oder juristische Person oder eine rechtsf\u00e4hige Personengesellschaft, die bei Abschluss des Vertrags mit Atelier Jana Paulin in Aus\u00fcbung ihrer gewerblichen oder selbst\u00e4ndigen beruflichen T\u00e4tigkeit handelt.<\/p>\n\n\n\n<p>\u200b<\/p>\n\n\n\n<p>\u00a7 3 Vereinbarung und Informationen zum Zustandekommen des Vertrags 3.1 Die einzelnen technischen Schritte, die zum Vertragsschluss f\u00fchren, der Vertragsschluss selbst und die Berichtigungsm\u00f6glichkeiten erfolgen nach Ma\u00dfgabe der folgenden Bestimmungen.<\/p>\n\n\n\n<p>\u200b<\/p>\n\n\n\n<p>3.2 Die Darstellung der Artikel im Online-Shop von Atelier Jana Paulin stellt kein rechtlich bindendes Angebot, sondern eine Aufforderung zur Bestellung dar.<\/p>\n\n\n\n<p>\u200b<\/p>\n\n\n\n<p>3.3 Die zum Kauf beabsichtigten Artikel legen Sie im Warenkorb ab. \u00dcber die entsprechende Schaltfl\u00e4che in der Navigationsleiste k\u00f6nnen Sie den Warenkorb aufrufen und dort jederzeit \u00c4nderungen vornehmen. Nach Aufrufen des Bestellformulars nehmen Sie die Eingabe der pers\u00f6nlichen Daten sowie der Zahlungs- und Versandbedingungen vor. Vor Absenden der Bestellung haben Sie die M\u00f6glichkeit, alle Angaben nochmals zu \u00fcberpr\u00fcfen, zu \u00e4ndern \u2013 dies auch \u00fcber die \u201cZur\u00fcck\u201d-Funktion Ihres Internetbrowsers \u2013 oder den Kauf abzubrechen. Wenn Sie alle Schritte des Bestellvorganges durchlaufen haben und diesen anschlie\u00dfend mittels Bet\u00e4tigung des Buttons: \u201eBestellen\u201c abschlie\u00dfen, geben Sie eine verbindliche Bestellung der auf der Bestellseite aufgelisteten Artikel ab. Die Zahlung erfolgt per Vorkasse (\u00dcberweisung). Ihre Bestellung wird durch Versand einer Auftragsbest\u00e4tigung per E-Mail von Atelier Jana Paulin angenommen. Hierdurch kommt der Vertragsschluss zustande. Die Auftragsbest\u00e4tigung erfolgt unverz\u00fcglich, sp\u00e4testens jedoch innerhalb von 24 Stunden nach Eingang Ihrer Bestellung.<\/p>\n\n\n\n<p>\u200b<\/p>\n\n\n\n<p>3.4 Die Abwicklung der Bestellung und \u00dcbermittlung s\u00e4mtlicher im Zusammenhang mit dem Vertragsschluss erforderlichen Informationen erfolgt per E-Mail. Sie sind daher verpflichtet sicherzustellen, dass die von Ihnen Atelier Jana Paulin gegen\u00fcber angegebene E-Mail-Adresse korrekt ist und der Empfang von E-Mails technisch sichergestellt ist, also insbesondere nicht z.B. durch SPAM-Filter blockiert wird.<\/p>\n\n\n\n<p>\u200b<\/p>\n\n\n\n<p>\u00a7 4 Speicherung des Vertragstextes und Sprache des Vertrages 4.1 Der vollst\u00e4ndige Vertragstext wird nicht von Atelier Jana Paulin gespeichert. Bevor Sie die Bestellung absenden, k\u00f6nnen Sie die Vertragsdaten \u00fcber die Druckfunktion Ihres Internetbrowsers ausdrucken oder elektronisch speichern. Nachdem Ihre Bestellung bei Atelier Jana Paulin eingegangen ist, werden die Bestelldaten, die Allgemeinen Gesch\u00e4ftsbedingungen einschlie\u00dflich der bei Fernabsatzvertr\u00e4gen gesetzlich vorgeschriebenen Informationen nochmals per E-Mail an Sie \u00fcbermittelt.<\/p>\n\n\n\n<p>\u200b<\/p>\n\n\n\n<p>4.2 Die f\u00fcr den Vertragsschluss zur Verf\u00fcgung stehende Sprache ist deutsch.<\/p>\n\n\n\n<p>\u200b<\/p>\n\n\n\n<p>\u00a7 5 Wesentliche Merkmale der Waren Die wesentlichen Merkmale der Waren finden Sie in der Artikelbeschreibung der jeweiligen Angebote.<\/p>\n\n\n\n<p>\u200b<\/p>\n\n\n\n<p>5.1 Abweichungen im Vergleich zu Abbildungen im Internet<\/p>\n\n\n\n<p>Bedingt durch unterschiedliche technische Ausstattung (Computer, Monitor, Betriebssystem, Browser) sowie durch eine von Kunde zu Kunde individuelle Monitoreinstellung kann es zu unterschiedlichen Darstellungen unserer Produkte oder zu Farbabweichungen kommen. Sofern das von Atelier Jana Paulin angebotene Artikel nicht mit dem von Ihnen subjektiv wahrgenommenen Artikel ( Kleid oder Braut-Accessoire) \u00fcbereinstimmt, wird eine Haftung seitens Atelier Jana Paulin ausgeschlossen. Bei auftretenden Fragen nehmen Sie bitte vor der Bestellung per E-Mail oder Telefon Kontakt mit unserer Kundenberatung (<a href=\"mailto:info@janapaulin.de\">info@janapaulin.de<\/a>, Tel: +49 17664655059 auf.<\/p>\n\n\n\n<p>\u200b<\/p>\n\n\n\n<p>Vertragsgegenstand ist die vom Kunden bestellte Ware. Unwesentliche \u00c4nderungen, Fehler und Irrt\u00fcmer gegen\u00fcber Angaben und Abbildungen sind vorbehalten. Alle Kleider und Braut-Accessoires sind von Hand als Einzelst\u00fcck gefertigt. Handels\u00fcbliche und f\u00fcr den K\u00e4ufer zumutbare Abweichungen der Kleidungsst\u00fccke und Braut-Accessoires&nbsp; sind vorbehalten hinsichtlich geringf\u00fcgiger Abweichungen in der Ausf\u00fchrung, insbesondere im Farbton.<\/p>\n\n\n\n<p>\u200b<\/p>\n\n\n\n<p>5.2 Abweichungen im Vergleich zu Abbildungen im Internet<\/p>\n\n\n\n<p>Die tats\u00e4chlich an den Kunden gelieferten Waren k\u00f6nnen von den auf der Atelier Jana Paulin Website abgebildeten Modellen abweichen, insbesondere bei Details.<\/p>\n\n\n\n<p>\u200b<\/p>\n\n\n\n<p>5.3 Sonderanfertigung von Kleidern und Braut-Accessoires nach Kundenvorlage und nach Kundenwunsch<\/p>\n\n\n\n<p>Die Kleider und Braut-Accessoires , die nach Foto-Vorlagen unserer Kundinnen gefertigt sind, k\u00f6nnen nicht 100% dem Original-Foto entsprechen. Sofern bei der Bestellung eines Standardkleides aus der Atelier Jana Paulin Kollektion Sonderw\u00fcnsche (wie z.B. ein anderes Dekollet\u00e9 oder ein anderer Schnitt) beauftragt werden, versuchen wir selbstverst\u00e4ndlich, diese zu erf\u00fcllen. Abweichungen bei den Details sind jedoch vorbehalten.<\/p>\n\n\n\n<p>\u200b<\/p>\n\n\n\n<p>5.4 Besonderheiten von Brautkleidern, Abendkleidern und Braut-Accessoires.<\/p>\n\n\n\n<p>Brautkleider, Abendkleider und Braut-Accessoires haben einen am K\u00f6rper anliegenden Schnitt und \u2013 speziell bei Brautkleidern \u2013 oft auch eine h\u00f6here Festigkeit\/Steifheit als Alltagskleidung. Daher weisen wir darauf hin, dass die Bewegungsfreiheit in diesen Kleidern und Braut-Accessoires im Vergleich zu Alltags- oder Sportkleidung eingeschr\u00e4nkt sein kann.<\/p>\n\n\n\n<p>\u200b<\/p>\n\n\n\n<p>5.5 \u00c4nderung und Anpassung<\/p>\n\n\n\n<p>Aufgrund unterschiedlicher Messmethoden und Figuren k\u00f6nnen zus\u00e4tzliche Anpassungen und \u00c4nderungen des Artikels notwendig sein. Unsere Preise beinhalten keine \u00c4nderungen bzw. Anpassungen. Der Kunde kann die \u00c4nderungen vor Ort durchf\u00fchren lassen oder das Artikel zu Atelier Jana Paulin zur \u00c4nderung schicken.<\/p>\n\n\n\n<p>\u200b<\/p>\n\n\n\n<p>\u00a7 6 Preise, Versandkosten, R\u00fccksendekosten im Falle des Widerrufs sowie Zahlungsbedingungen<\/p>\n\n\n\n<p>6.1 Die auf den jeweiligen Artikelseiten genannten von Ihnen zu zahlenden Kaufpreise enthalten die gesetzliche Mehrwertsteuer.<\/p>\n\n\n\n<p>6.2 Im Falle des Widerrufs tragen die Kunden die unmittelbaren Kosten der R\u00fccksendung der Waren.<\/p>\n\n\n\n<p>6.3 Wir akzeptieren Vorkasse per \u00dcberweisung.<\/p>\n\n\n\n<p>6.4 Bis zur vollst\u00e4ndigen Bezahlung bleiben die gelieferten Waren Eigentum (Eigentumsvorbehalt nach \u00a7\u00a7158, 449 BGB) von Atelier Jana Paulin.<\/p>\n\n\n\n<p>\u200b<\/p>\n\n\n\n<p>\u00a7 7 Lieferung<\/p>\n\n\n\n<p>Die Lieferung erfolgt sowohl innerhalb Deutschlands als auch in EU-L\u00e4nder und die Schweiz. Ausgenommen davon sind Landesteile verschiedener EU-L\u00e4nder, welche von dem DHL Paketdienst nicht beliefert werden.<\/p>\n\n\n\n<p>Versandkosten f\u00fcr Standard-Lieferungen werden nicht erhoben. F\u00fcr Express-Lieferungen mit DHL Express oder einem Kurierdienst wird eine entsprechende Geb\u00fchr erhoben.<\/p>\n\n\n\n<p>\u200b<\/p>\n\n\n\n<p>Sollte ein Artikel kurzfristig nicht verf\u00fcgbar sein, informieren wir Sie per E-Mail \u00fcber die zu erwartende Lieferzeit, sofern uns eine E-Mail-Adresse von Ihnen vorliegt.<\/p>\n\n\n\n<p>Sollten Transportsch\u00e4den an der Ware festgestellt werden, bitten wir den Empf\u00e4nger unverz\u00fcglich Schadensmeldung gegen\u00fcber dem Frachtf\u00fchrer (Versanddienst) zu machen. Sonstige erkennbare Transportsch\u00e4den sind bitte innerhalb von 5 Tagen nach Erhalt der Ware uns gegen\u00fcber schriftlich geltend zu machen. Die Vers\u00e4umung dieser R\u00fcge hat allerdings f\u00fcr Ihre gesetzlichen Anspr\u00fcche keine Konsequenzen. Es gelten im \u00dcbrigen die gesetzlichen Vorschriften.<\/p>\n\n\n\n<p>F\u00fcr eventuelle Verz\u00f6gerungen nach \u00dcbergabe der Ware an den Versanddienst (z.B. DHL Versand, Deutsche Post) \u00fcbernimmt Atelier Jana Paulin keine Haftung.<\/p>\n\n\n\n<p>Atelier Jana Paulin haftet nicht f\u00fcr M\u00e4ngel, die infolge fehlerhafter Handhabung, normaler Abnutzung oder durch Fremdeinwirkung entstanden sind. Bei Reparaturen an der Ware in Eigenleistung oder durch Dritte, die ohne das schriftliche Einverst\u00e4ndnis von Atelier Jana Paulin erfolgten, erlischt der Gew\u00e4hrleistungsanspruch des Kunden gegen\u00fcber Atelier Jana Paulin.<\/p>\n\n\n\n<p>Die gesetzlichen Anspr\u00fcche des Kunden bleiben unber\u00fchrt.<\/p>\n\n\n\n<p>\u200b<\/p>\n\n\n\n<p>\u00a7 8 Haftung und Gew\u00e4hrleistung.<\/p>\n\n\n\n<p>8.2 Die Regelung des vorstehenden Absatzes erstreckt sich auf Schadensersatz neben der Leistung, den Schadensersatz statt der Leistung und den Ersatzanspruch wegen vergeblicher Aufwendungen, gleich aus welchem Rechtsgrund, einschlie\u00dflich der Haftung wegen M\u00e4ngeln, Verzugs oder Unm\u00f6glichkeit.<\/p>\n\n\n\n<p>\u200b<\/p>\n\n\n\n<p>8.3 Soweit die gelieferte Ware nicht die zwischen dem Kunden und Atelier Jana Paulin vereinbarte Beschaffenheit hat, ist Atelier Jana Paulin zur Nacherf\u00fcllung verpflichtet. Dies ist nicht zutreffend, wenn Atelier Jana Paulin aufgrund gesetzlicher Vorschriften zur Verweigerung der Nacherf\u00fcllung berechtigt ist. Der Kunde ist verpflichtet, Atelier Jana Paulin eine angemessene Frist zur Nacherf\u00fcllung einzur\u00e4umen.<\/p>\n\n\n\n<p>Die Nacherf\u00fcllung erfolgt nach Wahl von Atelier Jana Paulin durch Beseitigung des Mangels (= Nachbesserung) oder aber durch Lieferung einer mangelfreien Ware (= Ersatzlieferung). W\u00e4hrend des Zeitraums der Nacherf\u00fcllung ist der Kunde nicht berechtigt, vom Vertrag zur\u00fcckzutreten oder den Kaufpreis zu mindern. F\u00fcr den Fall, dass Atelier Jana Paulin die Nachbesserung zweimal vergeblich versucht, gilt diese als fehlgeschlagen. Wenn die Nachbesserung fehlgeschlagen ist, ist der Kunde berechtigt, den Kaufpreis zu mindern oder vom Vertrag zur\u00fcckzutreten.<\/p>\n\n\n\n<p>8.4 Der Kunde ist verpflichtet, die von ihm bestellte und von Atelier Jana Paulin durch einen Paketdienst an ihn versandte Ware auch in Empfang zu nehmen. Falls der Kunde in Annahmeverzug kommt oder eine Mitwirkungshandlung nicht erbringt oder sich die Lieferung aus anderen, vom Kunden zu vertretenden Gr\u00fcnden verz\u00f6gert, so ist Atelier Jana Paulin berechtigt, Ersatz des hieraus entstehenden Schadens inklusive eventueller Mehraufwendungen (z. B. Kosten einer erneuten Zustellung oder Lagerkosten) zu verlangen.<\/p>\n\n\n\n<p>\u200b<\/p>\n\n\n\n<p>\u00a7 9 Streitbeilegung \/ OS-Plattform<\/p>\n\n\n\n<p>9.1 Die Europ\u00e4ische Kommission bietet f\u00fcr Verbraucher eine Plattform zur au\u00dfergerichtlichen Online-Streitbeilegung (sogenannte OS-Plattform) unter&nbsp;<a href=\"https:\/\/ec.europa.eu\/consumers\/odr\/\" target=\"_blank\" rel=\"noreferrer noopener\">https:\/\/ec.europa.eu\/consumers\/odr\/<\/a>&nbsp;an, an die sich der Verbraucher bei Meinungsverschiedenheiten im Zusammenhang mit einem \u00fcber elektronischen Gesch\u00e4ftsverkehr online abgeschlossenen Kauf- oder Dienstleistungsvertrag wenden kann.<\/p>\n\n\n\n<p>9.2 Zu der Teilnahme an Streitbeilegungsverfahren vor einer Verbraucherschlichtungsstelle ist Atelier Jana Paulin nicht verpflichtet und nicht bereit.<\/p>\n\n\n\n<p>\u200b<\/p>\n\n\n\n<p>\u00a7 10 R\u00fccksendung<\/p>\n\n\n\n<p>10.1 Verbraucher innerhalb der Europ\u00e4ischen Union haben das Recht, ihre Bestellung innerhalb von 14 Tagen ohne Angabe von Gr\u00fcnden zu widerrufen und die Ware auf eigene Kosten an Atelier Jana Paulin, Heerstra\u00dfe 2, 14052 Berlin zur\u00fcckzusenden.<\/p>\n\n\n\n<p>10.2 Die Widerrufsfrist betr\u00e4gt 14 Tage ab dem Tag, an dem der Kunde oder ein von ihm benannter Dritter, der nicht der Bef\u00f6rderer ist, die Waren in Besitz genommen hat.<\/p>\n\n\n\n<p>10.3 Um Ihr Widerrufsrecht auszu\u00fcben, m\u00fcssen Sie uns (Atelier Jana Paulin, Heerstra\u00dfe 2, 14052 Berlin, E-Mail:&nbsp;<a href=\"mailto:info@janapaulin.de\">info@janapaulin.de<\/a>, Tel: +49 176 64655059) mittels einer eindeutigen Erkl\u00e4rung (z. B. ein mit der Post versandter Brief oder E-Mail) \u00fcber Ihren Entschluss, diesen Vertrag zu widerrufen, informieren.<\/p>\n\n\n\n<p>10.4 Sie m\u00fcssen die Waren unverz\u00fcglich und in jedem Fall sp\u00e4testens binnen 14 Tagen ab dem Tag, an dem Sie uns \u00fcber den Widerruf dieses Vertrags unterrichten, an uns zur\u00fccksenden oder \u00fcbergeben. Die Frist ist gewahrt, wenn Sie die Waren vor Ablauf der Frist von 14 Tagen absenden.<\/p>\n\n\n\n<p>10.5 Sie tragen die unmittelbaren Kosten der R\u00fccksendung der Waren.<\/p>\n\n\n\n<p>10.6 Nach Erhalt und \u00dcberpr\u00fcfung der zur\u00fcckgesendeten Ware wird die R\u00fcckerstattung unverz\u00fcglich, sp\u00e4testens jedoch innerhalb von 14 Tagen, auf das von Ihnen bei der Bestellung verwendete Zahlungsmittel vorgenommen.<\/p>","protected":false},"excerpt":{"rendered":"<p>Allgemeine Gesch\u00e4ftsbedingungen f\u00fcr die Nutzung des Onlineshops www.janapaulin.de, Stand: 29. Juli 2024 \u200b \u00a7 1. Allgemeines Alle Vertr\u00e4ge \u00fcber Atelier Jana Paulin, Showroom Heerstra\u00dfe 2, 14052 Berlin , Inh. Zhanna Snesareva, Brehmestra\u00dfe 64, 13187 Berlin (nachfolgend \u201eAtelier Jana Paulin\u201c genannt) mit dem Kunden geschlossen werden, erfolgen ausschlie\u00dflich auf der Grundlage der nachfolgenden Allgemeinen Gesch\u00e4ftsbedingungen. Abweichende [&hellip;]<\/p>","protected":false},"author":1,"featured_media":0,"parent":0,"menu_order":0,"comment_status":"closed","ping_status":"closed","template":"","meta":{"footnotes":""},"class_list":["post-2875","page","type-page","status-publish","hentry"],"blocksy_meta":[],"yoast_head":"<!-- This site is optimized with the Yoast SEO plugin v26.9 - https:\/\/yoast.com\/product\/yoast-seo-wordpress\/ -->\n<title>AGB Online-Shop - Atelier Jana Paulin<\/title>\n<meta name=\"robots\" content=\"index, follow, max-snippet:-1, max-image-preview:large, max-video-preview:-1\" \/>\n<link rel=\"canonical\" href=\"https:\/\/janapaulin.de\/en_en\/agb-online-shop\/\" \/>\n<meta property=\"og:locale\" content=\"en_GB\" \/>\n<meta property=\"og:type\" content=\"article\" \/>\n<meta property=\"og:title\" content=\"AGB Online-Shop - Atelier Jana Paulin\" \/>\n<meta property=\"og:description\" content=\"Allgemeine Gesch\u00e4ftsbedingungen f\u00fcr die Nutzung des Onlineshops www.janapaulin.de, Stand: 29. Juli 2024 \u200b \u00a7 1. Allgemeines Alle Vertr\u00e4ge \u00fcber Atelier Jana Paulin, Showroom Heerstra\u00dfe 2, 14052 Berlin , Inh. Zhanna Snesareva, Brehmestra\u00dfe 64, 13187 Berlin (nachfolgend \u201eAtelier Jana Paulin\u201c genannt) mit dem Kunden geschlossen werden, erfolgen ausschlie\u00dflich auf der Grundlage der nachfolgenden Allgemeinen Gesch\u00e4ftsbedingungen. Abweichende [&hellip;]\" \/>\n<meta property=\"og:url\" content=\"https:\/\/janapaulin.de\/en_en\/agb-online-shop\/\" \/>\n<meta property=\"og:site_name\" content=\"Atelier Jana Paulin\" \/>\n<meta property=\"article:publisher\" content=\"https:\/\/www.facebook.com\/atelierjanapaulin\" \/>\n<meta property=\"article:modified_time\" content=\"2025-05-16T19:10:10+00:00\" \/>\n<meta name=\"twitter:card\" content=\"summary_large_image\" \/>\n<meta name=\"twitter:label1\" content=\"Estimated reading time\" \/>\n\t<meta name=\"twitter:data1\" content=\"8 minutes\" \/>\n<script type=\"application\/ld+json\" class=\"yoast-schema-graph\">{\"@context\":\"https:\/\/schema.org\",\"@graph\":[{\"@type\":\"WebPage\",\"@id\":\"https:\/\/janapaulin.de\/agb-online-shop\/\",\"url\":\"https:\/\/janapaulin.de\/agb-online-shop\/\",\"name\":\"AGB Online-Shop - Atelier Jana Paulin\",\"isPartOf\":{\"@id\":\"https:\/\/janapaulin.de\/#website\"},\"datePublished\":\"2025-05-16T19:10:05+00:00\",\"dateModified\":\"2025-05-16T19:10:10+00:00\",\"breadcrumb\":{\"@id\":\"https:\/\/janapaulin.de\/agb-online-shop\/#breadcrumb\"},\"inLanguage\":\"en-GB\",\"potentialAction\":[{\"@type\":\"ReadAction\",\"target\":[\"https:\/\/janapaulin.de\/agb-online-shop\/\"]}]},{\"@type\":\"BreadcrumbList\",\"@id\":\"https:\/\/janapaulin.de\/agb-online-shop\/#breadcrumb\",\"itemListElement\":[{\"@type\":\"ListItem\",\"position\":1,\"name\":\"Startseite\",\"item\":\"https:\/\/janapaulin.de\/\"},{\"@type\":\"ListItem\",\"position\":2,\"name\":\"AGB Online-Shop\"}]},{\"@type\":\"WebSite\",\"@id\":\"https:\/\/janapaulin.de\/#website\",\"url\":\"https:\/\/janapaulin.de\/\",\"name\":\"Atelier Jana Paulin\",\"description\":\"Ma\u00dfgeschneiderte Brautmode in Berlin\",\"publisher\":{\"@id\":\"https:\/\/janapaulin.de\/#organization\"},\"potentialAction\":[{\"@type\":\"SearchAction\",\"target\":{\"@type\":\"EntryPoint\",\"urlTemplate\":\"https:\/\/janapaulin.de\/?s={search_term_string}\"},\"query-input\":{\"@type\":\"PropertyValueSpecification\",\"valueRequired\":true,\"valueName\":\"search_term_string\"}}],\"inLanguage\":\"en-GB\"},{\"@type\":\"Organization\",\"@id\":\"https:\/\/janapaulin.de\/#organization\",\"name\":\"Atelier Jana Paulin\",\"url\":\"https:\/\/janapaulin.de\/\",\"logo\":{\"@type\":\"ImageObject\",\"inLanguage\":\"en-GB\",\"@id\":\"https:\/\/janapaulin.de\/#\/schema\/logo\/image\/\",\"url\":\"https:\/\/janapaulin.de\/wp-content\/uploads\/2025\/02\/1Logo-transparent-scaled.png\",\"contentUrl\":\"https:\/\/janapaulin.de\/wp-content\/uploads\/2025\/02\/1Logo-transparent-scaled.png\",\"width\":2560,\"height\":637,\"caption\":\"Atelier Jana Paulin\"},\"image\":{\"@id\":\"https:\/\/janapaulin.de\/#\/schema\/logo\/image\/\"},\"sameAs\":[\"https:\/\/www.facebook.com\/atelierjanapaulin\",\"https:\/\/www.instagram.com\/jana.paulin\/\",\"https:\/\/de.pinterest.com\/atelierjanapaulin\/\"]}]}<\/script>\n<!-- \/ Yoast SEO plugin. -->","yoast_head_json":{"title":"AGB Online-Shop - Atelier Jana Paulin","robots":{"index":"index","follow":"follow","max-snippet":"max-snippet:-1","max-image-preview":"max-image-preview:large","max-video-preview":"max-video-preview:-1"},"canonical":"https:\/\/janapaulin.de\/en_en\/agb-online-shop\/","og_locale":"en_GB","og_type":"article","og_title":"AGB Online-Shop - Atelier Jana Paulin","og_description":"Allgemeine Gesch\u00e4ftsbedingungen f\u00fcr die Nutzung des Onlineshops www.janapaulin.de, Stand: 29. Juli 2024 \u200b \u00a7 1. Allgemeines Alle Vertr\u00e4ge \u00fcber Atelier Jana Paulin, Showroom Heerstra\u00dfe 2, 14052 Berlin , Inh. Zhanna Snesareva, Brehmestra\u00dfe 64, 13187 Berlin (nachfolgend \u201eAtelier Jana Paulin\u201c genannt) mit dem Kunden geschlossen werden, erfolgen ausschlie\u00dflich auf der Grundlage der nachfolgenden Allgemeinen Gesch\u00e4ftsbedingungen. Abweichende [&hellip;]","og_url":"https:\/\/janapaulin.de\/en_en\/agb-online-shop\/","og_site_name":"Atelier Jana Paulin","article_publisher":"https:\/\/www.facebook.com\/atelierjanapaulin","article_modified_time":"2025-05-16T19:10:10+00:00","twitter_card":"summary_large_image","twitter_misc":{"Estimated reading time":"8 minutes"},"schema":{"@context":"https:\/\/schema.org","@graph":[{"@type":"WebPage","@id":"https:\/\/janapaulin.de\/agb-online-shop\/","url":"https:\/\/janapaulin.de\/agb-online-shop\/","name":"AGB Online-Shop - Atelier Jana Paulin","isPartOf":{"@id":"https:\/\/janapaulin.de\/#website"},"datePublished":"2025-05-16T19:10:05+00:00","dateModified":"2025-05-16T19:10:10+00:00","breadcrumb":{"@id":"https:\/\/janapaulin.de\/agb-online-shop\/#breadcrumb"},"inLanguage":"en-GB","potentialAction":[{"@type":"ReadAction","target":["https:\/\/janapaulin.de\/agb-online-shop\/"]}]},{"@type":"BreadcrumbList","@id":"https:\/\/janapaulin.de\/agb-online-shop\/#breadcrumb","itemListElement":[{"@type":"ListItem","position":1,"name":"Startseite","item":"https:\/\/janapaulin.de\/"},{"@type":"ListItem","position":2,"name":"AGB Online-Shop"}]},{"@type":"WebSite","@id":"https:\/\/janapaulin.de\/#website","url":"https:\/\/janapaulin.de\/","name":"Atelier Jana Paulin","description":"Ma\u00dfgeschneiderte Brautmode in Berlin","publisher":{"@id":"https:\/\/janapaulin.de\/#organization"},"potentialAction":[{"@type":"SearchAction","target":{"@type":"EntryPoint","urlTemplate":"https:\/\/janapaulin.de\/?s={search_term_string}"},"query-input":{"@type":"PropertyValueSpecification","valueRequired":true,"valueName":"search_term_string"}}],"inLanguage":"en-GB"},{"@type":"Organization","@id":"https:\/\/janapaulin.de\/#organization","name":"Atelier Jana Paulin","url":"https:\/\/janapaulin.de\/","logo":{"@type":"ImageObject","inLanguage":"en-GB","@id":"https:\/\/janapaulin.de\/#\/schema\/logo\/image\/","url":"https:\/\/janapaulin.de\/wp-content\/uploads\/2025\/02\/1Logo-transparent-scaled.png","contentUrl":"https:\/\/janapaulin.de\/wp-content\/uploads\/2025\/02\/1Logo-transparent-scaled.png","width":2560,"height":637,"caption":"Atelier Jana Paulin"},"image":{"@id":"https:\/\/janapaulin.de\/#\/schema\/logo\/image\/"},"sameAs":["https:\/\/www.facebook.com\/atelierjanapaulin","https:\/\/www.instagram.com\/jana.paulin\/","https:\/\/de.pinterest.com\/atelierjanapaulin\/"]}]}},"_links":{"self":[{"href":"https:\/\/janapaulin.de\/en_en\/wp-json\/wp\/v2\/pages\/2875","targetHints":{"allow":["GET"]}}],"collection":[{"href":"https:\/\/janapaulin.de\/en_en\/wp-json\/wp\/v2\/pages"}],"about":[{"href":"https:\/\/janapaulin.de\/en_en\/wp-json\/wp\/v2\/types\/page"}],"author":[{"embeddable":true,"href":"https:\/\/janapaulin.de\/en_en\/wp-json\/wp\/v2\/users\/1"}],"replies":[{"embeddable":true,"href":"https:\/\/janapaulin.de\/en_en\/wp-json\/wp\/v2\/comments?post=2875"}],"version-history":[{"count":1,"href":"https:\/\/janapaulin.de\/en_en\/wp-json\/wp\/v2\/pages\/2875\/revisions"}],"predecessor-version":[{"id":4191,"href":"https:\/\/janapaulin.de\/en_en\/wp-json\/wp\/v2\/pages\/2875\/revisions\/4191"}],"wp:attachment":[{"href":"https:\/\/janapaulin.de\/en_en\/wp-json\/wp\/v2\/media?parent=2875"}],"curies":[{"name":"wp","href":"https:\/\/api.w.org\/{rel}","templated":true}]}}