{"id":2518,"date":"2025-05-07T05:19:57","date_gmt":"2025-05-07T03:19:57","guid":{"rendered":"https:\/\/byjanapaulin.de\/?post_type=product&#038;p=2518"},"modified":"2026-01-05T20:21:08","modified_gmt":"2026-01-05T19:21:08","slug":"schleier-perlen-zwei-lagen-blusher-ivory-mit-kamm-kathedralschleier","status":"publish","type":"product","link":"https:\/\/janapaulin.de\/en_en\/product\/schleier-perlen-zwei-lagen-blusher-ivory-mit-kamm-kathedralschleier\/","title":{"rendered":"Schleier Perlen Zwei Lagen Blusher Ivory mit Kamm Kathedralschleier"},"content":{"rendered":"<p>Entdecken Sie unseren luxuri\u00f6sen Schleier, verziert mit Perlen und einem zauberhaften Perlenverlauf, gefertigt aus besticktem italienischen T\u00fcll. Dieses atemberaubende Accessoire ist das perfekte Highlight, um Ihre Sch\u00f6nheit und Eleganz an Ihrem gro\u00dfen Tag zu unterstreichen<\/p>\n<p>Der Schleier ist aus edlem T\u00fcll gefertigt und kunstvoll mit Perlen bestickt, was ihm eine unvergleichliche Eleganz und Raffinesse verleiht. Die zarte Bestickung f\u00e4ngt das Licht ein und sorgt f\u00fcr einen funkelnden Effekt.<\/p>\n<p>Der Schleier ist mit einem wundersch\u00f6nen Perlenverlauf versehen, der vom Ansatz bis zu den Enden reicht. Die Perlen sind kunstvoll verteilt, um einen sanften und anmutigen \u00dcbergang zu schaffen.<\/p>\n<p>Unser Schleier verf\u00fcgt \u00fcber zwei Lagen, inklusive eines Blushers, der Ihr Gesicht zart umh\u00fcllt und f\u00fcr einen zus\u00e4tzlichen Hauch von Romantik sorgt.<\/p>\n<p>Der Schleier kommt in einem eleganten Ivory-Farbton, der sich perfekt mit den meisten Brautkleidern kombinieren l\u00e4sst.<\/p>\n<p><strong>Individuelle Anfertigung<\/strong>:\u00a0Wir bieten ma\u00dfgeschneiderte L\u00f6sungen an, damit der Schleier perfekt zu Ihrem Brautkleid passt. Kontaktieren Sie uns, um den Schleier in einer speziellen L\u00e4nge oder einem bestimmten Stil anfertigen zu lassen.<\/p>\n<p>&nbsp;<\/p>","protected":false},"excerpt":{"rendered":"<p>Luxuri\u00f6ser, handgefertigter Brautschleier aus italienischem T\u00fcll mit kunstvollem Perlenverlauf \u2013 in Ivory und f\u00fcnf L\u00e4ngen (75\u2013500 cm) erh\u00e4ltlich. Zwei Lagen inklusive Blusher sorgen f\u00fcr romantische Eleganz, ideal f\u00fcr klassische bis majest\u00e4tische Hochzeitslooks.<\/p>\n<div style=\"width: 1080px;\" class=\"wp-video\"><video class=\"wp-video-shortcode\" id=\"video-2518-1\" width=\"1080\" height=\"1920\" preload=\"metadata\" controls=\"controls\"><source type=\"video\/mp4\" src=\"https:\/\/janapaulin.de\/wp-content\/uploads\/2025\/05\/V05-BLUSHER.mp4?_=1\" \/><a href=\"https:\/\/janapaulin.de\/wp-content\/uploads\/2025\/05\/V05-BLUSHER.mp4\">https:\/\/janapaulin.de\/wp-content\/uploads\/2025\/05\/V05-BLUSHER.mp4<\/a><\/video><\/div>","protected":false},"featured_media":2525,"comment_status":"closed","ping_status":"closed","template":"","meta":[],"product_brand":[],"product_cat":[73,116],"product_tag":[78,79,81,83,77],"class_list":{"0":"post-2518","1":"product","2":"type-product","3":"status-publish","4":"has-post-thumbnail","6":"product_cat-brautschleier","7":"product_cat-kathedralschleier","8":"product_tag-100cm","9":"product_tag-200cm","10":"product_tag-300cm","11":"product_tag-500cm","12":"product_tag-75cm","14":"first","15":"instock","16":"taxable","17":"shipping-taxable","18":"purchasable","19":"product-type-variable","20":"wpzoom-wc-spi-has-enabled"},"yoast_head":"<!-- This site is optimized with the Yoast SEO plugin v26.9 - https:\/\/yoast.com\/product\/yoast-seo-wordpress\/ -->\n<title>Schleier Perlen Zwei Lagen Blusher Ivory mit Kamm - Atelier Jana Paulin<\/title>\n<meta name=\"description\" content=\"Zweilagiger Brautschleier mit Blusher &amp; Perlenverlauf aus italienischem T\u00fcll \u2013 handgefertigt in Ivory &amp; in 5 L\u00e4ngen erh\u00e4ltlich. Jetzt entdecken!\" \/>\n<meta name=\"robots\" content=\"index, follow, max-snippet:-1, max-image-preview:large, max-video-preview:-1\" \/>\n<link rel=\"canonical\" href=\"https:\/\/janapaulin.de\/en_en\/product\/schleier-perlen-zwei-lagen-blusher-ivory-mit-kamm-kathedralschleier\/\" \/>\n<meta property=\"og:locale\" content=\"en_GB\" \/>\n<meta property=\"og:type\" content=\"article\" \/>\n<meta property=\"og:title\" content=\"Schleier Perlen Zwei Lagen Blusher Ivory mit Kamm - Atelier Jana Paulin\" \/>\n<meta property=\"og:description\" content=\"Zweilagiger Brautschleier mit Blusher &amp; Perlenverlauf aus italienischem T\u00fcll \u2013 handgefertigt in Ivory &amp; in 5 L\u00e4ngen erh\u00e4ltlich. Jetzt entdecken!\" \/>\n<meta property=\"og:url\" content=\"https:\/\/janapaulin.de\/en_en\/product\/schleier-perlen-zwei-lagen-blusher-ivory-mit-kamm-kathedralschleier\/\" \/>\n<meta property=\"og:site_name\" content=\"Atelier Jana Paulin\" \/>\n<meta property=\"article:publisher\" content=\"https:\/\/www.facebook.com\/atelierjanapaulin\" \/>\n<meta property=\"article:modified_time\" content=\"2026-01-05T19:21:08+00:00\" \/>\n<meta property=\"og:image\" content=\"https:\/\/janapaulin.de\/wp-content\/uploads\/2025\/05\/DSC_2727_edit-109-scaled.jpg\" \/>\n\t<meta property=\"og:image:width\" content=\"1707\" \/>\n\t<meta property=\"og:image:height\" content=\"2560\" \/>\n\t<meta property=\"og:image:type\" content=\"image\/jpeg\" \/>\n<meta name=\"twitter:card\" content=\"summary_large_image\" \/>\n<meta name=\"twitter:label1\" content=\"Estimated reading time\" \/>\n\t<meta name=\"twitter:data1\" content=\"2 minutes\" \/>\n<script type=\"application\/ld+json\" class=\"yoast-schema-graph\">{\"@context\":\"https:\/\/schema.org\",\"@graph\":[{\"@type\":\"WebPage\",\"@id\":\"https:\/\/janapaulin.de\/produkt\/schleier-perlen-zwei-lagen-blusher-ivory-mit-kamm-kathedralschleier\/\",\"url\":\"https:\/\/janapaulin.de\/produkt\/schleier-perlen-zwei-lagen-blusher-ivory-mit-kamm-kathedralschleier\/\",\"name\":\"Schleier Perlen Zwei Lagen Blusher Ivory mit Kamm - Atelier Jana Paulin\",\"isPartOf\":{\"@id\":\"https:\/\/janapaulin.de\/#website\"},\"primaryImageOfPage\":{\"@id\":\"https:\/\/janapaulin.de\/produkt\/schleier-perlen-zwei-lagen-blusher-ivory-mit-kamm-kathedralschleier\/#primaryimage\"},\"image\":{\"@id\":\"https:\/\/janapaulin.de\/produkt\/schleier-perlen-zwei-lagen-blusher-ivory-mit-kamm-kathedralschleier\/#primaryimage\"},\"thumbnailUrl\":\"https:\/\/janapaulin.de\/wp-content\/uploads\/2025\/05\/DSC_2727_edit-109-scaled.jpg\",\"datePublished\":\"2025-05-07T03:19:57+00:00\",\"dateModified\":\"2026-01-05T19:21:08+00:00\",\"description\":\"Zweilagiger Brautschleier mit Blusher & Perlenverlauf aus italienischem T\u00fcll \u2013 handgefertigt in Ivory & in 5 L\u00e4ngen erh\u00e4ltlich. Jetzt entdecken!\",\"breadcrumb\":{\"@id\":\"https:\/\/janapaulin.de\/produkt\/schleier-perlen-zwei-lagen-blusher-ivory-mit-kamm-kathedralschleier\/#breadcrumb\"},\"inLanguage\":\"en-GB\",\"potentialAction\":[{\"@type\":\"ReadAction\",\"target\":[\"https:\/\/janapaulin.de\/produkt\/schleier-perlen-zwei-lagen-blusher-ivory-mit-kamm-kathedralschleier\/\"]}]},{\"@type\":\"ImageObject\",\"inLanguage\":\"en-GB\",\"@id\":\"https:\/\/janapaulin.de\/produkt\/schleier-perlen-zwei-lagen-blusher-ivory-mit-kamm-kathedralschleier\/#primaryimage\",\"url\":\"https:\/\/janapaulin.de\/wp-content\/uploads\/2025\/05\/DSC_2727_edit-109-scaled.jpg\",\"contentUrl\":\"https:\/\/janapaulin.de\/wp-content\/uploads\/2025\/05\/DSC_2727_edit-109-scaled.jpg\",\"width\":1707,\"height\":2560,\"caption\":\"Brautschleier Blusher zweilagig Perlenschleier Einlagig handgefertigt aus italienischem T\u00fcll Ivory\"},{\"@type\":\"BreadcrumbList\",\"@id\":\"https:\/\/janapaulin.de\/produkt\/schleier-perlen-zwei-lagen-blusher-ivory-mit-kamm-kathedralschleier\/#breadcrumb\",\"itemListElement\":[{\"@type\":\"ListItem\",\"position\":1,\"name\":\"Startseite\",\"item\":\"https:\/\/janapaulin.de\/\"},{\"@type\":\"ListItem\",\"position\":2,\"name\":\"Online Shop\",\"item\":\"https:\/\/janapaulin.de\/online-shop\/\"},{\"@type\":\"ListItem\",\"position\":3,\"name\":\"Schleier Perlen Zwei Lagen Blusher Ivory mit Kamm Kathedralschleier\"}]},{\"@type\":\"WebSite\",\"@id\":\"https:\/\/janapaulin.de\/#website\",\"url\":\"https:\/\/janapaulin.de\/\",\"name\":\"Atelier Jana Paulin\",\"description\":\"Ma\u00dfgeschneiderte Brautmode in Berlin\",\"publisher\":{\"@id\":\"https:\/\/janapaulin.de\/#organization\"},\"potentialAction\":[{\"@type\":\"SearchAction\",\"target\":{\"@type\":\"EntryPoint\",\"urlTemplate\":\"https:\/\/janapaulin.de\/?s={search_term_string}\"},\"query-input\":{\"@type\":\"PropertyValueSpecification\",\"valueRequired\":true,\"valueName\":\"search_term_string\"}}],\"inLanguage\":\"en-GB\"},{\"@type\":\"Organization\",\"@id\":\"https:\/\/janapaulin.de\/#organization\",\"name\":\"Atelier Jana Paulin\",\"url\":\"https:\/\/janapaulin.de\/\",\"logo\":{\"@type\":\"ImageObject\",\"inLanguage\":\"en-GB\",\"@id\":\"https:\/\/janapaulin.de\/#\/schema\/logo\/image\/\",\"url\":\"https:\/\/janapaulin.de\/wp-content\/uploads\/2025\/02\/1Logo-transparent-scaled.png\",\"contentUrl\":\"https:\/\/janapaulin.de\/wp-content\/uploads\/2025\/02\/1Logo-transparent-scaled.png\",\"width\":2560,\"height\":637,\"caption\":\"Atelier Jana Paulin\"},\"image\":{\"@id\":\"https:\/\/janapaulin.de\/#\/schema\/logo\/image\/\"},\"sameAs\":[\"https:\/\/www.facebook.com\/atelierjanapaulin\",\"https:\/\/www.instagram.com\/jana.paulin\/\",\"https:\/\/de.pinterest.com\/atelierjanapaulin\/\"]}]}<\/script>\n<!-- \/ Yoast SEO plugin. -->","yoast_head_json":{"title":"Schleier Perlen Zwei Lagen Blusher Ivory mit Kamm - Atelier Jana Paulin","description":"Zweilagiger Brautschleier mit Blusher & Perlenverlauf aus italienischem T\u00fcll \u2013 handgefertigt in Ivory & in 5 L\u00e4ngen erh\u00e4ltlich. Jetzt entdecken!","robots":{"index":"index","follow":"follow","max-snippet":"max-snippet:-1","max-image-preview":"max-image-preview:large","max-video-preview":"max-video-preview:-1"},"canonical":"https:\/\/janapaulin.de\/en_en\/product\/schleier-perlen-zwei-lagen-blusher-ivory-mit-kamm-kathedralschleier\/","og_locale":"en_GB","og_type":"article","og_title":"Schleier Perlen Zwei Lagen Blusher Ivory mit Kamm - Atelier Jana Paulin","og_description":"Zweilagiger Brautschleier mit Blusher & Perlenverlauf aus italienischem T\u00fcll \u2013 handgefertigt in Ivory & in 5 L\u00e4ngen erh\u00e4ltlich. Jetzt entdecken!","og_url":"https:\/\/janapaulin.de\/en_en\/product\/schleier-perlen-zwei-lagen-blusher-ivory-mit-kamm-kathedralschleier\/","og_site_name":"Atelier Jana Paulin","article_publisher":"https:\/\/www.facebook.com\/atelierjanapaulin","article_modified_time":"2026-01-05T19:21:08+00:00","og_image":[{"width":1707,"height":2560,"url":"https:\/\/janapaulin.de\/wp-content\/uploads\/2025\/05\/DSC_2727_edit-109-scaled.jpg","type":"image\/jpeg"}],"twitter_card":"summary_large_image","twitter_misc":{"Estimated reading time":"2 minutes"},"schema":{"@context":"https:\/\/schema.org","@graph":[{"@type":"WebPage","@id":"https:\/\/janapaulin.de\/produkt\/schleier-perlen-zwei-lagen-blusher-ivory-mit-kamm-kathedralschleier\/","url":"https:\/\/janapaulin.de\/produkt\/schleier-perlen-zwei-lagen-blusher-ivory-mit-kamm-kathedralschleier\/","name":"Schleier Perlen Zwei Lagen Blusher Ivory mit Kamm - Atelier Jana Paulin","isPartOf":{"@id":"https:\/\/janapaulin.de\/#website"},"primaryImageOfPage":{"@id":"https:\/\/janapaulin.de\/produkt\/schleier-perlen-zwei-lagen-blusher-ivory-mit-kamm-kathedralschleier\/#primaryimage"},"image":{"@id":"https:\/\/janapaulin.de\/produkt\/schleier-perlen-zwei-lagen-blusher-ivory-mit-kamm-kathedralschleier\/#primaryimage"},"thumbnailUrl":"https:\/\/janapaulin.de\/wp-content\/uploads\/2025\/05\/DSC_2727_edit-109-scaled.jpg","datePublished":"2025-05-07T03:19:57+00:00","dateModified":"2026-01-05T19:21:08+00:00","description":"Zweilagiger Brautschleier mit Blusher & Perlenverlauf aus italienischem T\u00fcll \u2013 handgefertigt in Ivory & in 5 L\u00e4ngen erh\u00e4ltlich. Jetzt entdecken!","breadcrumb":{"@id":"https:\/\/janapaulin.de\/produkt\/schleier-perlen-zwei-lagen-blusher-ivory-mit-kamm-kathedralschleier\/#breadcrumb"},"inLanguage":"en-GB","potentialAction":[{"@type":"ReadAction","target":["https:\/\/janapaulin.de\/produkt\/schleier-perlen-zwei-lagen-blusher-ivory-mit-kamm-kathedralschleier\/"]}]},{"@type":"ImageObject","inLanguage":"en-GB","@id":"https:\/\/janapaulin.de\/produkt\/schleier-perlen-zwei-lagen-blusher-ivory-mit-kamm-kathedralschleier\/#primaryimage","url":"https:\/\/janapaulin.de\/wp-content\/uploads\/2025\/05\/DSC_2727_edit-109-scaled.jpg","contentUrl":"https:\/\/janapaulin.de\/wp-content\/uploads\/2025\/05\/DSC_2727_edit-109-scaled.jpg","width":1707,"height":2560,"caption":"Brautschleier Blusher zweilagig Perlenschleier Einlagig handgefertigt aus italienischem T\u00fcll Ivory"},{"@type":"BreadcrumbList","@id":"https:\/\/janapaulin.de\/produkt\/schleier-perlen-zwei-lagen-blusher-ivory-mit-kamm-kathedralschleier\/#breadcrumb","itemListElement":[{"@type":"ListItem","position":1,"name":"Startseite","item":"https:\/\/janapaulin.de\/"},{"@type":"ListItem","position":2,"name":"Online Shop","item":"https:\/\/janapaulin.de\/online-shop\/"},{"@type":"ListItem","position":3,"name":"Schleier Perlen Zwei Lagen Blusher Ivory mit Kamm Kathedralschleier"}]},{"@type":"WebSite","@id":"https:\/\/janapaulin.de\/#website","url":"https:\/\/janapaulin.de\/","name":"Atelier Jana Paulin","description":"Ma\u00dfgeschneiderte Brautmode in Berlin","publisher":{"@id":"https:\/\/janapaulin.de\/#organization"},"potentialAction":[{"@type":"SearchAction","target":{"@type":"EntryPoint","urlTemplate":"https:\/\/janapaulin.de\/?s={search_term_string}"},"query-input":{"@type":"PropertyValueSpecification","valueRequired":true,"valueName":"search_term_string"}}],"inLanguage":"en-GB"},{"@type":"Organization","@id":"https:\/\/janapaulin.de\/#organization","name":"Atelier Jana Paulin","url":"https:\/\/janapaulin.de\/","logo":{"@type":"ImageObject","inLanguage":"en-GB","@id":"https:\/\/janapaulin.de\/#\/schema\/logo\/image\/","url":"https:\/\/janapaulin.de\/wp-content\/uploads\/2025\/02\/1Logo-transparent-scaled.png","contentUrl":"https:\/\/janapaulin.de\/wp-content\/uploads\/2025\/02\/1Logo-transparent-scaled.png","width":2560,"height":637,"caption":"Atelier Jana Paulin"},"image":{"@id":"https:\/\/janapaulin.de\/#\/schema\/logo\/image\/"},"sameAs":["https:\/\/www.facebook.com\/atelierjanapaulin","https:\/\/www.instagram.com\/jana.paulin\/","https:\/\/de.pinterest.com\/atelierjanapaulin\/"]}]}},"_links":{"self":[{"href":"https:\/\/janapaulin.de\/en_en\/wp-json\/wp\/v2\/product\/2518","targetHints":{"allow":["GET"]}}],"collection":[{"href":"https:\/\/janapaulin.de\/en_en\/wp-json\/wp\/v2\/product"}],"about":[{"href":"https:\/\/janapaulin.de\/en_en\/wp-json\/wp\/v2\/types\/product"}],"replies":[{"embeddable":true,"href":"https:\/\/janapaulin.de\/en_en\/wp-json\/wp\/v2\/comments?post=2518"}],"version-history":[{"count":3,"href":"https:\/\/janapaulin.de\/en_en\/wp-json\/wp\/v2\/product\/2518\/revisions"}],"predecessor-version":[{"id":3969,"href":"https:\/\/janapaulin.de\/en_en\/wp-json\/wp\/v2\/product\/2518\/revisions\/3969"}],"wp:featuredmedia":[{"embeddable":true,"href":"https:\/\/janapaulin.de\/en_en\/wp-json\/wp\/v2\/media\/2525"}],"wp:attachment":[{"href":"https:\/\/janapaulin.de\/en_en\/wp-json\/wp\/v2\/media?parent=2518"}],"wp:term":[{"taxonomy":"product_brand","embeddable":true,"href":"https:\/\/janapaulin.de\/en_en\/wp-json\/wp\/v2\/product_brand?post=2518"},{"taxonomy":"product_cat","embeddable":true,"href":"https:\/\/janapaulin.de\/en_en\/wp-json\/wp\/v2\/product_cat?post=2518"},{"taxonomy":"product_tag","embeddable":true,"href":"https:\/\/janapaulin.de\/en_en\/wp-json\/wp\/v2\/product_tag?post=2518"}],"curies":[{"name":"wp","href":"https:\/\/api.w.org\/{rel}","templated":true}]}}