{"id":2617,"date":"2025-05-07T15:17:36","date_gmt":"2025-05-07T13:17:36","guid":{"rendered":"https:\/\/byjanapaulin.de\/?post_type=product&#038;p=2617"},"modified":"2026-01-20T16:57:38","modified_gmt":"2026-01-20T15:57:38","slug":"schleier-glitzerkante-perlenverzierung-eine-lage-ivory-mit-kamm","status":"publish","type":"product","link":"https:\/\/janapaulin.de\/en_en\/product\/schleier-glitzerkante-perlenverzierung-eine-lage-ivory-mit-kamm\/","title":{"rendered":"Schleier Glitzerkante Perlen und Glassteine eine Lage Schlicht Ivory mit Kamm"},"content":{"rendered":"<p>Entdecken Sie unseren atemberaubenden einlagigen Schleier mit Glitzerkante, Pailletten und Kristallen, gefertigt aus hochwertigem T\u00fcll in der Farbe Ivory. Dieses glamour\u00f6se Accessoire ist die perfekte Erg\u00e4nzung, um Ihre Sch\u00f6nheit an Ihrem gro\u00dfen Tag zum Strahlen zu bringen.<\/p>\n<p>Hochwertiges Material:\u00a0Der Schleier besteht aus edlem T\u00fcll, der eine feine und luxuri\u00f6se Optik bietet. Die glitzernde Kante, die funkelnden Pailletten und die Kristallverzierung verleihen dem Schleier zus\u00e4tzlichen Glanz und Eleganz.<\/p>\n<p>Der Schleier ist mit einer funkelnden Glitzerkante eingefasst, die f\u00fcr einen strahlenden und festlichen Look sorgt.<\/p>\n<p>Sorgf\u00e4ltig angebrachte Pailletten und Kristalle entlang der Kante verleihen dem Schleier eine raffinierte und edle Note, die perfekt zu Ihrer Brautgarderobe passt.<\/p>\n<p>Dieser Schleier passt zu verschiedenen Hochzeitsstilen, von klassisch bis modern, und erg\u00e4nzt verschiedene Brautkleider perfekt.<\/p>\n<p>Individuelle Anfertigung: Wir bieten ma\u00dfgeschneiderte L\u00f6sungen an, damit der Schleier perfekt zu Ihrem Brautkleid passt. Kontaktieren Sie uns, um den Schleier in einer speziellen L\u00e4nge oder einem bestimmten Stil anfertigen zu lassen.<\/p>\n<div style=\"width: 1080px;\" class=\"wp-video\"><video class=\"wp-video-shortcode\" id=\"video-2617-1\" width=\"1080\" height=\"1920\" preload=\"metadata\" controls=\"controls\"><source type=\"video\/mp4\" src=\"https:\/\/janapaulin.de\/wp-content\/uploads\/2026\/01\/V108.mp4?_=1\" \/><a href=\"https:\/\/janapaulin.de\/wp-content\/uploads\/2026\/01\/V108.mp4\">https:\/\/janapaulin.de\/wp-content\/uploads\/2026\/01\/V108.mp4<\/a><\/video><\/div>","protected":false},"excerpt":{"rendered":"<p>Einlagiger Brautschleier aus edlem T\u00fcll in Ivory mit funkelnder Glitzerkante, zarten Pailletten und Kristallen. In vier L\u00e4ngen (100\u2013500 cm) erh\u00e4ltlich, handgefertigt im Atelier Jana Paulin. Glamour\u00f6s, elegant und individuell anpassbar, f\u00fcr Ihren perfekten Auftritt.<\/p>\n<p>&nbsp;<\/p>","protected":false},"featured_media":2622,"comment_status":"closed","ping_status":"closed","template":"","meta":[],"product_brand":[],"product_cat":[73],"product_tag":[78,79,81],"class_list":{"0":"post-2617","1":"product","2":"type-product","3":"status-publish","4":"has-post-thumbnail","6":"product_cat-brautschleier","7":"product_tag-100cm","8":"product_tag-200cm","9":"product_tag-300cm","11":"first","12":"instock","13":"taxable","14":"shipping-taxable","15":"purchasable","16":"product-type-variable","17":"wpzoom-wc-spi-has-enabled"},"yoast_head":"<!-- This site is optimized with the Yoast SEO plugin v26.9 - https:\/\/yoast.com\/product\/yoast-seo-wordpress\/ -->\n<title>Schleier Glitzerkante Perlenverzierung eine Lage Schlicht<\/title>\n<meta name=\"description\" content=\"Glitzernder Brautschleier mit Pailletten &amp; Kristallen aus edlem T\u00fcll in Ivory \u2013 handgefertigt &amp; in 4 L\u00e4ngen. Glamour f\u00fcr Ihren Hochzeitstag!\" \/>\n<meta name=\"robots\" content=\"index, follow, max-snippet:-1, max-image-preview:large, max-video-preview:-1\" \/>\n<link rel=\"canonical\" href=\"https:\/\/janapaulin.de\/en_en\/product\/schleier-glitzerkante-perlenverzierung-eine-lage-ivory-mit-kamm\/\" \/>\n<meta property=\"og:locale\" content=\"en_GB\" \/>\n<meta property=\"og:type\" content=\"article\" \/>\n<meta property=\"og:title\" content=\"Schleier Glitzerkante Perlenverzierung eine Lage Schlicht\" \/>\n<meta property=\"og:description\" content=\"Glitzernder Brautschleier mit Pailletten &amp; Kristallen aus edlem T\u00fcll in Ivory \u2013 handgefertigt &amp; in 4 L\u00e4ngen. Glamour f\u00fcr Ihren Hochzeitstag!\" \/>\n<meta property=\"og:url\" content=\"https:\/\/janapaulin.de\/en_en\/product\/schleier-glitzerkante-perlenverzierung-eine-lage-ivory-mit-kamm\/\" \/>\n<meta property=\"og:site_name\" content=\"Atelier Jana Paulin\" \/>\n<meta property=\"article:publisher\" content=\"https:\/\/www.facebook.com\/atelierjanapaulin\" \/>\n<meta property=\"article:modified_time\" content=\"2026-01-20T15:57:38+00:00\" \/>\n<meta property=\"og:image\" content=\"https:\/\/janapaulin.de\/wp-content\/uploads\/2025\/05\/DSC_2727_edit-92-scaled.jpg\" \/>\n\t<meta property=\"og:image:width\" content=\"1707\" \/>\n\t<meta property=\"og:image:height\" content=\"2560\" \/>\n\t<meta property=\"og:image:type\" content=\"image\/jpeg\" \/>\n<meta name=\"twitter:card\" content=\"summary_large_image\" \/>\n<meta name=\"twitter:label1\" content=\"Estimated reading time\" \/>\n\t<meta name=\"twitter:data1\" content=\"2 minutes\" \/>\n<script type=\"application\/ld+json\" class=\"yoast-schema-graph\">{\"@context\":\"https:\/\/schema.org\",\"@graph\":[{\"@type\":\"WebPage\",\"@id\":\"https:\/\/janapaulin.de\/produkt\/schleier-glitzerkante-perlenverzierung-eine-lage-ivory-mit-kamm\/\",\"url\":\"https:\/\/janapaulin.de\/produkt\/schleier-glitzerkante-perlenverzierung-eine-lage-ivory-mit-kamm\/\",\"name\":\"Schleier Glitzerkante Perlenverzierung eine Lage Schlicht\",\"isPartOf\":{\"@id\":\"https:\/\/janapaulin.de\/#website\"},\"primaryImageOfPage\":{\"@id\":\"https:\/\/janapaulin.de\/produkt\/schleier-glitzerkante-perlenverzierung-eine-lage-ivory-mit-kamm\/#primaryimage\"},\"image\":{\"@id\":\"https:\/\/janapaulin.de\/produkt\/schleier-glitzerkante-perlenverzierung-eine-lage-ivory-mit-kamm\/#primaryimage\"},\"thumbnailUrl\":\"https:\/\/janapaulin.de\/wp-content\/uploads\/2025\/05\/DSC_2727_edit-92-scaled.jpg\",\"datePublished\":\"2025-05-07T13:17:36+00:00\",\"dateModified\":\"2026-01-20T15:57:38+00:00\",\"description\":\"Glitzernder Brautschleier mit Pailletten & Kristallen aus edlem T\u00fcll in Ivory \u2013 handgefertigt & in 4 L\u00e4ngen. Glamour f\u00fcr Ihren Hochzeitstag!\",\"breadcrumb\":{\"@id\":\"https:\/\/janapaulin.de\/produkt\/schleier-glitzerkante-perlenverzierung-eine-lage-ivory-mit-kamm\/#breadcrumb\"},\"inLanguage\":\"en-GB\",\"potentialAction\":[{\"@type\":\"ReadAction\",\"target\":[\"https:\/\/janapaulin.de\/produkt\/schleier-glitzerkante-perlenverzierung-eine-lage-ivory-mit-kamm\/\"]}]},{\"@type\":\"ImageObject\",\"inLanguage\":\"en-GB\",\"@id\":\"https:\/\/janapaulin.de\/produkt\/schleier-glitzerkante-perlenverzierung-eine-lage-ivory-mit-kamm\/#primaryimage\",\"url\":\"https:\/\/janapaulin.de\/wp-content\/uploads\/2025\/05\/DSC_2727_edit-92-scaled.jpg\",\"contentUrl\":\"https:\/\/janapaulin.de\/wp-content\/uploads\/2025\/05\/DSC_2727_edit-92-scaled.jpg\",\"width\":1707,\"height\":2560,\"caption\":\"Schleier Glitzerkante Perlenverzierung eine Lage Schlicht Ivory mit Kamm\"},{\"@type\":\"BreadcrumbList\",\"@id\":\"https:\/\/janapaulin.de\/produkt\/schleier-glitzerkante-perlenverzierung-eine-lage-ivory-mit-kamm\/#breadcrumb\",\"itemListElement\":[{\"@type\":\"ListItem\",\"position\":1,\"name\":\"Startseite\",\"item\":\"https:\/\/janapaulin.de\/\"},{\"@type\":\"ListItem\",\"position\":2,\"name\":\"Online Shop\",\"item\":\"https:\/\/janapaulin.de\/online-shop\/\"},{\"@type\":\"ListItem\",\"position\":3,\"name\":\"Schleier Glitzerkante Perlen und Glassteine eine Lage Schlicht Ivory mit Kamm\"}]},{\"@type\":\"WebSite\",\"@id\":\"https:\/\/janapaulin.de\/#website\",\"url\":\"https:\/\/janapaulin.de\/\",\"name\":\"Atelier Jana Paulin\",\"description\":\"Ma\u00dfgeschneiderte Brautmode in Berlin\",\"publisher\":{\"@id\":\"https:\/\/janapaulin.de\/#organization\"},\"potentialAction\":[{\"@type\":\"SearchAction\",\"target\":{\"@type\":\"EntryPoint\",\"urlTemplate\":\"https:\/\/janapaulin.de\/?s={search_term_string}\"},\"query-input\":{\"@type\":\"PropertyValueSpecification\",\"valueRequired\":true,\"valueName\":\"search_term_string\"}}],\"inLanguage\":\"en-GB\"},{\"@type\":\"Organization\",\"@id\":\"https:\/\/janapaulin.de\/#organization\",\"name\":\"Atelier Jana Paulin\",\"url\":\"https:\/\/janapaulin.de\/\",\"logo\":{\"@type\":\"ImageObject\",\"inLanguage\":\"en-GB\",\"@id\":\"https:\/\/janapaulin.de\/#\/schema\/logo\/image\/\",\"url\":\"https:\/\/janapaulin.de\/wp-content\/uploads\/2025\/02\/1Logo-transparent-scaled.png\",\"contentUrl\":\"https:\/\/janapaulin.de\/wp-content\/uploads\/2025\/02\/1Logo-transparent-scaled.png\",\"width\":2560,\"height\":637,\"caption\":\"Atelier Jana Paulin\"},\"image\":{\"@id\":\"https:\/\/janapaulin.de\/#\/schema\/logo\/image\/\"},\"sameAs\":[\"https:\/\/www.facebook.com\/atelierjanapaulin\",\"https:\/\/www.instagram.com\/jana.paulin\/\",\"https:\/\/de.pinterest.com\/atelierjanapaulin\/\"]}]}<\/script>\n<!-- \/ Yoast SEO plugin. -->","yoast_head_json":{"title":"Schleier Glitzerkante Perlenverzierung eine Lage Schlicht","description":"Glitzernder Brautschleier mit Pailletten & Kristallen aus edlem T\u00fcll in Ivory \u2013 handgefertigt & in 4 L\u00e4ngen. Glamour f\u00fcr Ihren Hochzeitstag!","robots":{"index":"index","follow":"follow","max-snippet":"max-snippet:-1","max-image-preview":"max-image-preview:large","max-video-preview":"max-video-preview:-1"},"canonical":"https:\/\/janapaulin.de\/en_en\/product\/schleier-glitzerkante-perlenverzierung-eine-lage-ivory-mit-kamm\/","og_locale":"en_GB","og_type":"article","og_title":"Schleier Glitzerkante Perlenverzierung eine Lage Schlicht","og_description":"Glitzernder Brautschleier mit Pailletten & Kristallen aus edlem T\u00fcll in Ivory \u2013 handgefertigt & in 4 L\u00e4ngen. Glamour f\u00fcr Ihren Hochzeitstag!","og_url":"https:\/\/janapaulin.de\/en_en\/product\/schleier-glitzerkante-perlenverzierung-eine-lage-ivory-mit-kamm\/","og_site_name":"Atelier Jana Paulin","article_publisher":"https:\/\/www.facebook.com\/atelierjanapaulin","article_modified_time":"2026-01-20T15:57:38+00:00","og_image":[{"width":1707,"height":2560,"url":"https:\/\/janapaulin.de\/wp-content\/uploads\/2025\/05\/DSC_2727_edit-92-scaled.jpg","type":"image\/jpeg"}],"twitter_card":"summary_large_image","twitter_misc":{"Estimated reading time":"2 minutes"},"schema":{"@context":"https:\/\/schema.org","@graph":[{"@type":"WebPage","@id":"https:\/\/janapaulin.de\/produkt\/schleier-glitzerkante-perlenverzierung-eine-lage-ivory-mit-kamm\/","url":"https:\/\/janapaulin.de\/produkt\/schleier-glitzerkante-perlenverzierung-eine-lage-ivory-mit-kamm\/","name":"Schleier Glitzerkante Perlenverzierung eine Lage Schlicht","isPartOf":{"@id":"https:\/\/janapaulin.de\/#website"},"primaryImageOfPage":{"@id":"https:\/\/janapaulin.de\/produkt\/schleier-glitzerkante-perlenverzierung-eine-lage-ivory-mit-kamm\/#primaryimage"},"image":{"@id":"https:\/\/janapaulin.de\/produkt\/schleier-glitzerkante-perlenverzierung-eine-lage-ivory-mit-kamm\/#primaryimage"},"thumbnailUrl":"https:\/\/janapaulin.de\/wp-content\/uploads\/2025\/05\/DSC_2727_edit-92-scaled.jpg","datePublished":"2025-05-07T13:17:36+00:00","dateModified":"2026-01-20T15:57:38+00:00","description":"Glitzernder Brautschleier mit Pailletten & Kristallen aus edlem T\u00fcll in Ivory \u2013 handgefertigt & in 4 L\u00e4ngen. Glamour f\u00fcr Ihren Hochzeitstag!","breadcrumb":{"@id":"https:\/\/janapaulin.de\/produkt\/schleier-glitzerkante-perlenverzierung-eine-lage-ivory-mit-kamm\/#breadcrumb"},"inLanguage":"en-GB","potentialAction":[{"@type":"ReadAction","target":["https:\/\/janapaulin.de\/produkt\/schleier-glitzerkante-perlenverzierung-eine-lage-ivory-mit-kamm\/"]}]},{"@type":"ImageObject","inLanguage":"en-GB","@id":"https:\/\/janapaulin.de\/produkt\/schleier-glitzerkante-perlenverzierung-eine-lage-ivory-mit-kamm\/#primaryimage","url":"https:\/\/janapaulin.de\/wp-content\/uploads\/2025\/05\/DSC_2727_edit-92-scaled.jpg","contentUrl":"https:\/\/janapaulin.de\/wp-content\/uploads\/2025\/05\/DSC_2727_edit-92-scaled.jpg","width":1707,"height":2560,"caption":"Schleier Glitzerkante Perlenverzierung eine Lage Schlicht Ivory mit Kamm"},{"@type":"BreadcrumbList","@id":"https:\/\/janapaulin.de\/produkt\/schleier-glitzerkante-perlenverzierung-eine-lage-ivory-mit-kamm\/#breadcrumb","itemListElement":[{"@type":"ListItem","position":1,"name":"Startseite","item":"https:\/\/janapaulin.de\/"},{"@type":"ListItem","position":2,"name":"Online Shop","item":"https:\/\/janapaulin.de\/online-shop\/"},{"@type":"ListItem","position":3,"name":"Schleier Glitzerkante Perlen und Glassteine eine Lage Schlicht Ivory mit Kamm"}]},{"@type":"WebSite","@id":"https:\/\/janapaulin.de\/#website","url":"https:\/\/janapaulin.de\/","name":"Atelier Jana Paulin","description":"Ma\u00dfgeschneiderte Brautmode in Berlin","publisher":{"@id":"https:\/\/janapaulin.de\/#organization"},"potentialAction":[{"@type":"SearchAction","target":{"@type":"EntryPoint","urlTemplate":"https:\/\/janapaulin.de\/?s={search_term_string}"},"query-input":{"@type":"PropertyValueSpecification","valueRequired":true,"valueName":"search_term_string"}}],"inLanguage":"en-GB"},{"@type":"Organization","@id":"https:\/\/janapaulin.de\/#organization","name":"Atelier Jana Paulin","url":"https:\/\/janapaulin.de\/","logo":{"@type":"ImageObject","inLanguage":"en-GB","@id":"https:\/\/janapaulin.de\/#\/schema\/logo\/image\/","url":"https:\/\/janapaulin.de\/wp-content\/uploads\/2025\/02\/1Logo-transparent-scaled.png","contentUrl":"https:\/\/janapaulin.de\/wp-content\/uploads\/2025\/02\/1Logo-transparent-scaled.png","width":2560,"height":637,"caption":"Atelier Jana Paulin"},"image":{"@id":"https:\/\/janapaulin.de\/#\/schema\/logo\/image\/"},"sameAs":["https:\/\/www.facebook.com\/atelierjanapaulin","https:\/\/www.instagram.com\/jana.paulin\/","https:\/\/de.pinterest.com\/atelierjanapaulin\/"]}]}},"_links":{"self":[{"href":"https:\/\/janapaulin.de\/en_en\/wp-json\/wp\/v2\/product\/2617","targetHints":{"allow":["GET"]}}],"collection":[{"href":"https:\/\/janapaulin.de\/en_en\/wp-json\/wp\/v2\/product"}],"about":[{"href":"https:\/\/janapaulin.de\/en_en\/wp-json\/wp\/v2\/types\/product"}],"replies":[{"embeddable":true,"href":"https:\/\/janapaulin.de\/en_en\/wp-json\/wp\/v2\/comments?post=2617"}],"version-history":[{"count":4,"href":"https:\/\/janapaulin.de\/en_en\/wp-json\/wp\/v2\/product\/2617\/revisions"}],"predecessor-version":[{"id":4125,"href":"https:\/\/janapaulin.de\/en_en\/wp-json\/wp\/v2\/product\/2617\/revisions\/4125"}],"wp:featuredmedia":[{"embeddable":true,"href":"https:\/\/janapaulin.de\/en_en\/wp-json\/wp\/v2\/media\/2622"}],"wp:attachment":[{"href":"https:\/\/janapaulin.de\/en_en\/wp-json\/wp\/v2\/media?parent=2617"}],"wp:term":[{"taxonomy":"product_brand","embeddable":true,"href":"https:\/\/janapaulin.de\/en_en\/wp-json\/wp\/v2\/product_brand?post=2617"},{"taxonomy":"product_cat","embeddable":true,"href":"https:\/\/janapaulin.de\/en_en\/wp-json\/wp\/v2\/product_cat?post=2617"},{"taxonomy":"product_tag","embeddable":true,"href":"https:\/\/janapaulin.de\/en_en\/wp-json\/wp\/v2\/product_tag?post=2617"}],"curies":[{"name":"wp","href":"https:\/\/api.w.org\/{rel}","templated":true}]}}